{"id":11412,"date":"2016-12-05T16:27:47","date_gmt":"2016-12-05T16:27:47","guid":{"rendered":"https:\/\/morz.vamtam.com\/?page_id=11412"},"modified":"2026-02-19T23:53:30","modified_gmt":"2026-02-19T20:53:30","slug":"iletisim","status":"publish","type":"page","link":"https:\/\/pgetugs.com\/en\/iletisim\/","title":{"rendered":"Contact"},"content":{"rendered":"<div class=\"vgblk-rw-wrapper limit-wrapper\">\n\n\t\t<iframe src=\"https:\/\/maps.google.com\/maps?q=Postane%2C+%C3%87am+Sk.+No%3A8%2C+34940+Tuzla%2F%C4%B0stanbul&#038;iwloc=near&#038;output=embed\" height=\"480\" frameborder=\"0\" loading=\"lazy\"><\/iframe>\n\t<h2>Call us<\/h2>\n<h4>\n\t\t\t<a href=\"tel:02167012436\" title=\"+ 90 (216) 701 24 36\" target=\"_self\">\n\t+ 90 (216) 701 24 36\n\t\t\t<\/a>\n\t<\/h4>\n<h4>\n\tOur Working Hours\n\t<\/h4>\n\t<p>Pazartesi &#8211; Cuma : 09:00 &#8211; 18:00 \/ Hafta Sonu Kapal\u0131<\/p>\n<h4>\n\tCompany Headquarters\n\t<\/h4>\n\t<section>\n<p>Postane Mh. \u00c7am Sk. No:8 Tuzla \/ \u0130stanbul<\/p>\n<\/section>\n\n<h4>\n\tOur email address\n\t<\/h4>\n\t<section>\n<p>info@pgetugs.com<\/p>\n<\/section>\n\t\t\tAccounting\n\t\t<p><a href=\"tel:02167012436\">+90 (216) 701 24 36<\/a> \/ Dahili 105<br \/>muhasebe@pgedenizcilik.com<\/p>\n\t\t\tOperation\n\t\t<p><a href=\"tel:02167012436\">+90 (216) 701 24 36<\/a> \/ Dahili 101<br \/>operation@pgetugs.com<\/p>\n\t\t\tSat\u0131n Alma\n\t\t<p>+90 (216) 701 24 36 \/ Dahili 116<br \/>purchasing@pgetugs.com<\/p>\n\t\t\t\u0130nsan Kaynaklar\u0131\n\t\t<p><a href=\"tel:05318807849\">+90 531 880 78 49<\/a><br \/>utkuersoy@pgetugs.com<\/p>\n\t\t\tTowage&#038;Salvage 7\/24\n\t\t<p><a href=\"tel:05323575311\">+90 532 357 53 11<\/a><br \/>towage@pgetugs.com<br \/>salvage@pgetugs.com<\/p>\n\t\n<div class=\"wpcf7 no-js\" id=\"wpcf7-f988586-o1\" lang=\"tr-TR\" dir=\"ltr\" data-wpcf7-id=\"988586\">\n<div class=\"screen-reader-response\"><p role=\"status\" aria-live=\"polite\" aria-atomic=\"true\"><\/p> <ul><\/ul><\/div>\n<form action=\"\/en\/wp-json\/wp\/v2\/pages\/11412#wpcf7-f988586-o1\" method=\"post\" class=\"wpcf7-form init\" aria-label=\"\u0130leti\u015fim Formu\" novalidate=\"novalidate\" data-status=\"init\" data-trp-original-action=\"\/en\/wp-json\/wp\/v2\/pages\/11412#wpcf7-f988586-o1\">\n<div style=\"display: none;\">\n<input type=\"hidden\" name=\"_wpcf7\" value=\"988586\" \/>\n<input type=\"hidden\" name=\"_wpcf7_version\" value=\"6.0.3\" \/>\n<input type=\"hidden\" name=\"_wpcf7_locale\" value=\"tr_TR\" \/>\n<input type=\"hidden\" name=\"_wpcf7_unit_tag\" value=\"wpcf7-f988586-o1\" \/>\n<input type=\"hidden\" name=\"_wpcf7_container_post\" value=\"0\" \/>\n<input type=\"hidden\" name=\"_wpcf7_posted_data_hash\" value=\"\" \/>\n<\/div>\n<p><span class=\"wpcf7-form-control-wrap\" data-name=\"your-name\"><input size=\"40\" maxlength=\"400\" class=\"wpcf7-form-control wpcf7-text wpcf7-validates-as-required\" aria-required=\"true\" aria-invalid=\"false\" placeholder=\"\u0130sim-Soyisim\" value=\"\" type=\"text\" name=\"your-name\" \/><\/span><br \/>\n<span class=\"wpcf7-form-control-wrap\" data-name=\"your-email\"><input size=\"40\" maxlength=\"400\" class=\"wpcf7-form-control wpcf7-email wpcf7-validates-as-required wpcf7-text wpcf7-validates-as-email\" aria-required=\"true\" aria-invalid=\"false\" placeholder=\"Email Address\" value=\"\" type=\"email\" name=\"your-email\" \/><\/span><br \/>\n<span class=\"wpcf7-form-control-wrap\" data-name=\"your-subject\"><input size=\"40\" maxlength=\"400\" class=\"wpcf7-form-control wpcf7-text wpcf7-validates-as-required\" aria-required=\"true\" aria-invalid=\"false\" placeholder=\"Subject\" value=\"\" type=\"text\" name=\"your-subject\" \/><\/span><br \/>\n<span class=\"wpcf7-form-control-wrap\" data-name=\"your-message\"><textarea cols=\"40\" rows=\"10\" maxlength=\"2000\" class=\"wpcf7-form-control wpcf7-textarea\" aria-invalid=\"false\" placeholder=\"Message\" name=\"your-message\"><\/textarea><\/span><br \/>\n<input class=\"wpcf7-form-control wpcf7-submit has-spinner\" type=\"submit\" value=\"Send\" \/>\n<\/p><div class=\"wpcf7-response-output\" aria-hidden=\"true\"><\/div>\n<input type=\"hidden\" name=\"trp-form-language\" value=\"en\"\/><\/form>\n<\/div>\n\n\n<\/div><!-- .vgblk-rw-wrapper -->","protected":false},"excerpt":{"rendered":"<p>Bizi Aray\u0131n + 90 (216) 701 24 36 \u00c7al\u0131\u015fma Saatlerimiz Pazartesi &#8211; Cuma : 09:00 &#8211; 18:00 \/ Hafta Sonu Kapal\u0131 \u015eirket Merkezimiz Postane Mh. \u00c7am Sk. No:8 Tuzla \/ \u0130stanbul Mail Adresimiz info@pgetugs.com Muhasebe +90 (216) 701 24 36 \/ Dahili 105muhasebe@pgedenizcilik.com Operasyon +90 (216) 701 24 36 \/ Dahili 101operation@pgetugs.com Sat\u0131n Alma +90&#8230;<\/p>","protected":false},"author":1,"featured_media":0,"parent":0,"menu_order":0,"comment_status":"closed","ping_status":"closed","template":"","meta":{"_monsterinsights_skip_tracking":false,"_monsterinsights_sitenote_active":false,"_monsterinsights_sitenote_note":"","_monsterinsights_sitenote_category":0,"_joinchat":[],"footnotes":""},"class_list":["post-11412","page","type-page","status-publish","hentry"],"jetpack_sharing_enabled":true,"_links":{"self":[{"href":"https:\/\/pgetugs.com\/en\/wp-json\/wp\/v2\/pages\/11412","targetHints":{"allow":["GET"]}}],"collection":[{"href":"https:\/\/pgetugs.com\/en\/wp-json\/wp\/v2\/pages"}],"about":[{"href":"https:\/\/pgetugs.com\/en\/wp-json\/wp\/v2\/types\/page"}],"author":[{"embeddable":true,"href":"https:\/\/pgetugs.com\/en\/wp-json\/wp\/v2\/users\/1"}],"replies":[{"embeddable":true,"href":"https:\/\/pgetugs.com\/en\/wp-json\/wp\/v2\/comments?post=11412"}],"version-history":[{"count":20,"href":"https:\/\/pgetugs.com\/en\/wp-json\/wp\/v2\/pages\/11412\/revisions"}],"predecessor-version":[{"id":991052,"href":"https:\/\/pgetugs.com\/en\/wp-json\/wp\/v2\/pages\/11412\/revisions\/991052"}],"wp:attachment":[{"href":"https:\/\/pgetugs.com\/en\/wp-json\/wp\/v2\/media?parent=11412"}],"curies":[{"name":"wp","href":"https:\/\/api.w.org\/{rel}","templated":true}]}}