{"id":987734,"date":"2023-02-04T13:29:02","date_gmt":"2023-02-04T13:29:02","guid":{"rendered":"https:\/\/pgetugs.com\/?page_id=987734"},"modified":"2024-01-13T13:26:18","modified_gmt":"2024-01-13T13:26:18","slug":"hakkimizda","status":"publish","type":"page","link":"https:\/\/pgetugs.com\/en\/hakkimizda\/","title":{"rendered":"About Us"},"content":{"rendered":"<div class=\"vgblk-rw-wrapper limit-wrapper\">\n<h3>\n\t\tAbout Us\n\t<\/h3>\n<p>&nbsp;<\/p>\n<p>As PGE Tugs, we commenced our maritime activities in 2020 alongside our tugboat services, and since then, we have rapidly progressed both internationally and domestically. We closely monitor the developments in the maritime sector in our country in recent years and strive to stay updated by taking necessary steps within our company, PGE Tugs.<\/p>\n<p>We adopt a policy of providing the best service, with a focus on standout tugboat and towing services among the offerings provided to our clients. This principle guides our operations.<\/p>\n<p>Since the inception of our journey, PGE Tugs has consistently demonstrated determination and professionalism, enabling us to accomplish significant projects and reach a competitive level in the maritime sector. We take pride in being among the esteemed companies worldwide and domestically, particularly with our offered tugboat services.<\/p>\n\n\t\t\t\t\t\t\t<img decoding=\"async\" loading=\"lazy\" src=\"https:\/\/pgetugs.com\/wp-content\/uploads\/2023\/05\/site-hakkimizda-kismi.jpg\" alt=\"site-hakk\u0131m\u0131zda-k\u0131sm\u0131\" itemprop=\"image\" height=\"1000\" width=\"1500\" title=\"site-hakk\u0131m\u0131zda-k\u0131sm\u0131\" onerror=\"this.style.display='none'\"  sizes=\"auto, (max-width: 768px) 100vw, 100vw\" srcset=\"https:\/\/pgetugs.com\/wp-content\/uploads\/2023\/05\/site-hakkimizda-kismi.jpg 1500w, https:\/\/pgetugs.com\/wp-content\/uploads\/2023\/05\/site-hakkimizda-kismi-300x200.jpg 300w, https:\/\/pgetugs.com\/wp-content\/uploads\/2023\/05\/site-hakkimizda-kismi-1024x683.jpg 1024w, https:\/\/pgetugs.com\/wp-content\/uploads\/2023\/05\/site-hakkimizda-kismi-768x512.jpg 768w, https:\/\/pgetugs.com\/wp-content\/uploads\/2023\/05\/site-hakkimizda-kismi-1260x840.jpg 1260w, https:\/\/pgetugs.com\/wp-content\/uploads\/2023\/05\/site-hakkimizda-kismi-630x420.jpg 630w, https:\/\/pgetugs.com\/wp-content\/uploads\/2023\/05\/site-hakkimizda-kismi-420x280.jpg 420w, https:\/\/pgetugs.com\/wp-content\/uploads\/2023\/05\/site-hakkimizda-kismi-840x560.jpg 840w, https:\/\/pgetugs.com\/wp-content\/uploads\/2023\/05\/site-hakkimizda-kismi-315x210.jpg 315w\" \/>\t\t\t\t\t\t\t\n<p>Vision: To become one of the leading companies in the maritime sector as PGE Tugs, and to maintain our position as an industry leader with the tugboat and towing services we provide to our customers.<\/p>\n<p>Mission: To prioritize customer satisfaction at all times, to provide the highest quality service in the maritime sector, and to constantly renew ourselves by closely monitoring industry developments. Additionally, to value the development of our employees and regard them as the most valuable asset of our business.<\/p>\n\n<\/div><!-- .vgblk-rw-wrapper -->","protected":false},"excerpt":{"rendered":"<p>Hakk\u0131m\u0131zda &nbsp; PGE Tugs olarak, r\u00f6mork\u00f6r hizmetlerimizle birlikte 2020 y\u0131l\u0131nda ba\u015flad\u0131\u011f\u0131m\u0131z denizcilik faaliyetlerimizde hem d\u00fcnya genelinde hem de \u00fclke i\u00e7inde h\u0131zl\u0131 bir \u015fekilde geli\u015fme kaydettik. Son y\u0131llarda \u00fclkemizde sa\u011flanan denizcilik sekt\u00f6r\u00fcndeki geli\u015fmeleri yak\u0131ndan takip ediyor ve PGE Tugs olarak firmam\u0131zda gerekli ad\u0131mlar\u0131 atarak her zaman g\u00fcncel kalmaya \u00f6zen g\u00f6steriyoruz. M\u00fc\u015fterilerimize sundu\u011fumuz hizmetler aras\u0131nda \u00f6ne \u00e7\u0131kan&#8230;<\/p>","protected":false},"author":1,"featured_media":0,"parent":0,"menu_order":0,"comment_status":"closed","ping_status":"closed","template":"","meta":{"_monsterinsights_skip_tracking":false,"_monsterinsights_sitenote_active":false,"_monsterinsights_sitenote_note":"","_monsterinsights_sitenote_category":0,"_joinchat":[],"footnotes":""},"class_list":["post-987734","page","type-page","status-publish","hentry"],"jetpack_sharing_enabled":true,"_links":{"self":[{"href":"https:\/\/pgetugs.com\/en\/wp-json\/wp\/v2\/pages\/987734","targetHints":{"allow":["GET"]}}],"collection":[{"href":"https:\/\/pgetugs.com\/en\/wp-json\/wp\/v2\/pages"}],"about":[{"href":"https:\/\/pgetugs.com\/en\/wp-json\/wp\/v2\/types\/page"}],"author":[{"embeddable":true,"href":"https:\/\/pgetugs.com\/en\/wp-json\/wp\/v2\/users\/1"}],"replies":[{"embeddable":true,"href":"https:\/\/pgetugs.com\/en\/wp-json\/wp\/v2\/comments?post=987734"}],"version-history":[{"count":25,"href":"https:\/\/pgetugs.com\/en\/wp-json\/wp\/v2\/pages\/987734\/revisions"}],"predecessor-version":[{"id":988952,"href":"https:\/\/pgetugs.com\/en\/wp-json\/wp\/v2\/pages\/987734\/revisions\/988952"}],"wp:attachment":[{"href":"https:\/\/pgetugs.com\/en\/wp-json\/wp\/v2\/media?parent=987734"}],"curies":[{"name":"wp","href":"https:\/\/api.w.org\/{rel}","templated":true}]}}