{"id":987876,"date":"2023-02-04T23:32:58","date_gmt":"2023-02-04T23:32:58","guid":{"rendered":"https:\/\/pgetugs.com\/?page_id=987876"},"modified":"2024-06-25T18:18:06","modified_gmt":"2024-06-25T15:18:06","slug":"kariyer","status":"publish","type":"page","link":"https:\/\/pgetugs.com\/en\/kariyer\/","title":{"rendered":"Career"},"content":{"rendered":"<div class=\"vgblk-rw-wrapper limit-wrapper\">\n<h2>\n\t\tPGE Tugs Career\n\t<\/h2>\n\t<p>At PGE Tugs, we believe that the strength and support of sustainable success lie in human resources. Therefore, we aim to attract talented employees to our company and become a preferred employer by utilizing the most effective recruitment tools.<\/p>\n<h2>\n\t\tCareer Contact Form\n\t<\/h2>\n\t\n<div class=\"wpcf7 no-js\" id=\"wpcf7-f988612-o1\" lang=\"tr-TR\" dir=\"ltr\" data-wpcf7-id=\"988612\">\n<div class=\"screen-reader-response\"><p role=\"status\" aria-live=\"polite\" aria-atomic=\"true\"><\/p> <ul><\/ul><\/div>\n<form action=\"\/en\/wp-json\/wp\/v2\/pages\/987876#wpcf7-f988612-o1\" method=\"post\" class=\"wpcf7-form init\" aria-label=\"\u0130leti\u015fim Formu\" novalidate=\"novalidate\" data-status=\"init\" data-trp-original-action=\"\/en\/wp-json\/wp\/v2\/pages\/987876#wpcf7-f988612-o1\">\n<div style=\"display: none;\">\n<input type=\"hidden\" name=\"_wpcf7\" value=\"988612\" \/>\n<input type=\"hidden\" name=\"_wpcf7_version\" value=\"6.0.3\" \/>\n<input type=\"hidden\" name=\"_wpcf7_locale\" value=\"tr_TR\" \/>\n<input type=\"hidden\" name=\"_wpcf7_unit_tag\" value=\"wpcf7-f988612-o1\" \/>\n<input type=\"hidden\" name=\"_wpcf7_container_post\" value=\"0\" \/>\n<input type=\"hidden\" name=\"_wpcf7_posted_data_hash\" value=\"\" \/>\n<\/div>\n<p><span class=\"wpcf7-form-control-wrap\" data-name=\"your-name\"><input size=\"40\" maxlength=\"400\" class=\"wpcf7-form-control wpcf7-text wpcf7-validates-as-required\" aria-required=\"true\" aria-invalid=\"false\" placeholder=\"Name \/ Surname\" value=\"\" type=\"text\" name=\"your-name\" \/><\/span><br \/>\n<span class=\"wpcf7-form-control-wrap\" data-name=\"your-email\"><input size=\"40\" maxlength=\"400\" class=\"wpcf7-form-control wpcf7-email wpcf7-validates-as-required wpcf7-text wpcf7-validates-as-email\" aria-required=\"true\" aria-invalid=\"false\" placeholder=\"Email Address\" value=\"\" type=\"email\" name=\"your-email\" \/><\/span><br \/>\n<span class=\"wpcf7-form-control-wrap\" data-name=\"your-subject\"><input size=\"40\" maxlength=\"400\" class=\"wpcf7-form-control wpcf7-text wpcf7-validates-as-required\" aria-required=\"true\" aria-invalid=\"false\" placeholder=\"Subject\" value=\"\" type=\"text\" name=\"your-subject\" \/><\/span><br \/>\n<span class=\"wpcf7-form-control-wrap\" data-name=\"your-message\"><textarea cols=\"40\" rows=\"10\" maxlength=\"2000\" class=\"wpcf7-form-control wpcf7-textarea\" aria-invalid=\"false\" placeholder=\"Message\" name=\"your-message\"><\/textarea><\/span><br \/>\n<input class=\"wpcf7-form-control wpcf7-submit has-spinner\" type=\"submit\" value=\"Send\" \/>\n<\/p><div class=\"wpcf7-response-output\" aria-hidden=\"true\"><\/div>\n<input type=\"hidden\" name=\"trp-form-language\" value=\"en\"\/><\/form>\n<\/div>\n\n\t<p><strong>Disclosure Statement<\/strong><\/p>\n<p>Bu ayd\u0131nlatma metni, 6698 say\u0131l\u0131 Ki\u015fisel Verilerin Korunmas\u0131 Kanunu (KVKK) kapsam\u0131nda, PGE TUGS (&#8220;\u015eirket&#8221;) taraf\u0131ndan veri sorumlusu s\u0131fat\u0131yla haz\u0131rlanm\u0131\u015ft\u0131r.<\/p>\n<strong>1. Identity of the Data Controller<\/strong> PGE TUGS<br \/>\nAdress: Postane Mh. \u00c7am Sk. No:8 Tuzla \/ \u0130stanbul<br \/>\nPhone : +90 (216) 701 24 36<br \/>\nE-mail: <a rel=\"noreferrer\">info@pgetugs.com<\/a>\n<p><strong>2. Purpose of Collecting Personal Data<\/strong> The collected personal data is processed for the purposes of conducting human resources processes, evaluating job applications, establishing and executing employment contracts, performance evaluation of employees, and career planning.<\/p>\n<p><strong>3. Collected Personal Data<\/strong> Name, surname, ID number, date of birth, address, phone number, email address, resume information, education and work experience information, references, and other job application documents.<\/p>\n<p><strong>4. Method and Legal Basis of Data Processing<\/strong> Ki\u015fisel veriler, i\u015f ba\u015fvuru formlar\u0131, \u00f6zge\u00e7mi\u015fler ve di\u011fer ileti\u015fim kanallar\u0131 arac\u0131l\u0131\u011f\u0131yla otomatik ve otomatik olmayan y\u00f6ntemlerle toplanmaktad\u0131r. Veriler, 6698 say\u0131l\u0131 KVKK&#8217;n\u0131n 5. ve 6. maddelerinde belirtilen hukuki sebepler do\u011frultusunda i\u015flenmektedir.<\/p>\n<p><strong>5. To Whom and For What Purposes Data May Be Transferred<\/strong> The collected personal data may be transferred to authorized public institutions and organizations, business partners, and service providers within the framework of legal obligations and for the purposes specified above.<\/p>\n<p><strong>6. Rights of the Data Subject<\/strong> KVKK&#8217;n\u0131n 11. maddesi uyar\u0131nca veri sahipleri, ki\u015fisel verilerinin i\u015flenip i\u015flenmedi\u011fini \u00f6\u011frenme, i\u015flenme amac\u0131n\u0131 ve bunlar\u0131n amac\u0131na uygun kullan\u0131l\u0131p kullan\u0131lmad\u0131\u011f\u0131n\u0131 \u00f6\u011frenme, yurt i\u00e7inde veya yurt d\u0131\u015f\u0131nda ki\u015fisel verilerin aktar\u0131ld\u0131\u011f\u0131 \u00fc\u00e7\u00fcnc\u00fc ki\u015fileri bilme, ki\u015fisel verilerin eksik veya yanl\u0131\u015f i\u015flenmi\u015f olmas\u0131 halinde bunlar\u0131n d\u00fczeltilmesini isteme, KVKK&#8217;n\u0131n 7. maddesi \u00e7er\u00e7evesinde ki\u015fisel verilerin silinmesini veya yok edilmesini isteme, i\u015flenen verilerin m\u00fcnhas\u0131ran otomatik sistemler vas\u0131tas\u0131yla analiz edilmesi suretiyle ki\u015finin kendisi aleyhine bir sonucun ortaya \u00e7\u0131kmas\u0131na itiraz etme ve ki\u015fisel verilerin kanuna ayk\u0131r\u0131 olarak i\u015flenmesi sebebiyle zarara u\u011framas\u0131 halinde zarar\u0131n giderilmesini talep etme haklar\u0131na sahiptir.<\/p>\n<p><strong>7. Data Security Measures<\/strong> Necessary technical and administrative measures are taken to ensure the security of your personal data. In this context, necessary precautions are taken to protect the data against unauthorized access, misuse, disclosure, alteration, and destruction.<\/p>\n<p><strong>Contact<\/strong> You can contact us to exercise the rights mentioned above or for any questions regarding your personal data:<\/p>\nPGE TUGS<br \/>\nAdress: Postane Mh. \u00c7am Sk. No:8 Tuzla \/ \u0130stanbul<br \/>\nPhone : +90 (216) 701 24 36<br \/>\nE-mail: <a rel=\"noreferrer\">info@pgetugs.com<\/a>\n\n<\/div><!-- .vgblk-rw-wrapper -->","protected":false},"excerpt":{"rendered":"<p>PGE Tugs Kariyer PGE Tugs olarak, s\u00fcrd\u00fcr\u00fclebilir ba\u015far\u0131n\u0131n g\u00fcc\u00fcn\u00fcn ve deste\u011finin insan kaynaklar\u0131nda oldu\u011funa inan\u0131yoruz. Bu nedenle, \u015firketimize kat\u0131lan yetenekli \u00e7al\u0131\u015fanlar\u0131 b\u00fcnyemize kazand\u0131rmay\u0131 ve en etkin i\u015fe al\u0131m ara\u00e7lar\u0131n\u0131 kullanarak tercih edilen bir \u015firket haline gelmeyi hedefliyoruz. Kariyer \u0130leti\u015fim Formu Ayd\u0131nlatma Metni Bu ayd\u0131nlatma metni, 6698 say\u0131l\u0131 Ki\u015fisel Verilerin Korunmas\u0131 Kanunu (KVKK) kapsam\u0131nda, PGE TUGS&#8230;<\/p>","protected":false},"author":1,"featured_media":0,"parent":0,"menu_order":0,"comment_status":"closed","ping_status":"closed","template":"","meta":{"_monsterinsights_skip_tracking":false,"_monsterinsights_sitenote_active":false,"_monsterinsights_sitenote_note":"","_monsterinsights_sitenote_category":0,"_joinchat":[],"footnotes":""},"class_list":["post-987876","page","type-page","status-publish","hentry"],"jetpack_sharing_enabled":true,"_links":{"self":[{"href":"https:\/\/pgetugs.com\/en\/wp-json\/wp\/v2\/pages\/987876","targetHints":{"allow":["GET"]}}],"collection":[{"href":"https:\/\/pgetugs.com\/en\/wp-json\/wp\/v2\/pages"}],"about":[{"href":"https:\/\/pgetugs.com\/en\/wp-json\/wp\/v2\/types\/page"}],"author":[{"embeddable":true,"href":"https:\/\/pgetugs.com\/en\/wp-json\/wp\/v2\/users\/1"}],"replies":[{"embeddable":true,"href":"https:\/\/pgetugs.com\/en\/wp-json\/wp\/v2\/comments?post=987876"}],"version-history":[{"count":15,"href":"https:\/\/pgetugs.com\/en\/wp-json\/wp\/v2\/pages\/987876\/revisions"}],"predecessor-version":[{"id":990255,"href":"https:\/\/pgetugs.com\/en\/wp-json\/wp\/v2\/pages\/987876\/revisions\/990255"}],"wp:attachment":[{"href":"https:\/\/pgetugs.com\/en\/wp-json\/wp\/v2\/media?parent=987876"}],"curies":[{"name":"wp","href":"https:\/\/api.w.org\/{rel}","templated":true}]}}