{"id":987960,"date":"2023-02-06T07:55:59","date_gmt":"2023-02-06T07:55:59","guid":{"rendered":"https:\/\/pgetugs.com\/?page_id=987960"},"modified":"2023-02-23T10:41:23","modified_gmt":"2023-02-23T10:41:23","slug":"genel-aydinlatma-metni","status":"publish","type":"page","link":"https:\/\/pgetugs.com\/en\/genel-aydinlatma-metni\/","title":{"rendered":"General Information Disclosure"},"content":{"rendered":"<div class=\"vgblk-rw-wrapper limit-wrapper\">\n\n\t<h1>General Information Disclosure<\/h1>\n<p>PGE Tugs is a company specialized in ship towing, tugboat services, and port operations. At PGE Tugs, we respect the environment and conduct all our activities in compliance with legal regulations.<\/p>\n<p>Our company provides high-quality services to our customers in the maritime sector, leveraging our expert team, modern fleet, and advanced technological equipment. We strive to work professionally and efficiently at all times to fully meet the needs of our customers.<\/p>\n<p>At PGE Tugs, we take various measures to protect the environment and ensure sustainability throughout our operations. We are aware of our responsibilities to our employees, customers, and the environment, and therefore prioritize occupational health and safety, environmental protection, and quality management.<\/p>\n<p>Customer satisfaction is our priority at PGE Tugs. We continuously strive to improve ourselves to provide the best service to our customers and aim to establish healthy and long-term relationships with them.<\/p>\n<p>At PGE Tugs, we operate in accordance with high ethical standards and expect all our business partners to follow these standards as well. We do not tolerate any behavior such as corruption and bribery during our operations, and we conduct our business in compliance with the law.<\/p>\n<p>In conclusion, at PGE Tugs, we strive to provide our customers with high-quality and reliable services in ship towing, tugboat operations, and port services. We respect the environment, promote sustainability, and adhere to high ethical standards in all our activities.<\/p>\n\n<\/div><!-- .vgblk-rw-wrapper -->","protected":false},"excerpt":{"rendered":"<p>Genel Ayd\u0131nlatma Metni PGE Tugs, gemi \u00e7ekme, r\u00f6mork\u00f6rc\u00fcl\u00fck ve liman hizmetleri konular\u0131nda faaliyet g\u00f6steren bir \u015firkettir. PGE Tugs olarak, faaliyetlerimizi y\u00fcr\u00fct\u00fcrken \u00e7evreye sayg\u0131 duyuyor, t\u00fcm faaliyetlerimizi yasalara ve d\u00fczenlemelere uygun olarak ger\u00e7ekle\u015ftiriyoruz. \u015eirketimiz, denizcilik sekt\u00f6r\u00fcndeki uzman kadrosu, modern filosu ve ileri teknolojik ekipmanlar\u0131 ile m\u00fc\u015fterilerine y\u00fcksek kaliteli hizmet sunmaktad\u0131r. M\u00fc\u015fterilerimizin ihtiya\u00e7lar\u0131n\u0131 tam olarak kar\u015f\u0131lamak i\u00e7in&#8230;<\/p>","protected":false},"author":1,"featured_media":0,"parent":0,"menu_order":0,"comment_status":"closed","ping_status":"closed","template":"","meta":{"_monsterinsights_skip_tracking":false,"_monsterinsights_sitenote_active":false,"_monsterinsights_sitenote_note":"","_monsterinsights_sitenote_category":0,"_joinchat":[],"footnotes":""},"class_list":["post-987960","page","type-page","status-publish","hentry"],"jetpack_sharing_enabled":true,"_links":{"self":[{"href":"https:\/\/pgetugs.com\/en\/wp-json\/wp\/v2\/pages\/987960","targetHints":{"allow":["GET"]}}],"collection":[{"href":"https:\/\/pgetugs.com\/en\/wp-json\/wp\/v2\/pages"}],"about":[{"href":"https:\/\/pgetugs.com\/en\/wp-json\/wp\/v2\/types\/page"}],"author":[{"embeddable":true,"href":"https:\/\/pgetugs.com\/en\/wp-json\/wp\/v2\/users\/1"}],"replies":[{"embeddable":true,"href":"https:\/\/pgetugs.com\/en\/wp-json\/wp\/v2\/comments?post=987960"}],"version-history":[{"count":3,"href":"https:\/\/pgetugs.com\/en\/wp-json\/wp\/v2\/pages\/987960\/revisions"}],"predecessor-version":[{"id":988110,"href":"https:\/\/pgetugs.com\/en\/wp-json\/wp\/v2\/pages\/987960\/revisions\/988110"}],"wp:attachment":[{"href":"https:\/\/pgetugs.com\/en\/wp-json\/wp\/v2\/media?parent=987960"}],"curies":[{"name":"wp","href":"https:\/\/api.w.org\/{rel}","templated":true}]}}