{"id":987962,"date":"2023-02-06T07:56:22","date_gmt":"2023-02-06T07:56:22","guid":{"rendered":"https:\/\/pgetugs.com\/?page_id=987962"},"modified":"2023-02-23T11:00:14","modified_gmt":"2023-02-23T11:00:14","slug":"ik-aydinlatma-metni","status":"publish","type":"page","link":"https:\/\/pgetugs.com\/en\/ik-aydinlatma-metni\/","title":{"rendered":"Employee Information Disclosure"},"content":{"rendered":"<div class=\"vgblk-rw-wrapper limit-wrapper\">\n<h1>Employee Information Disclosure<\/h1>\n<p>At PGE Tugs, we understand the importance of investing in human resources. Our employees are the cornerstone of our company's success, and ensuring their satisfaction reflects positively on our business outcomes. Our human resources policy aims to enhance the happiness, development, and performance of our employees.<\/p>\n<p>Our recruitment process is conducted in a fair, equitable, and transparent manner. Our job postings provide clear and accurate information about open positions and qualifications required. Job applications are evaluated based on the relevant positions, and applicants are provided with feedback. Additionally, we adhere to legal requirements and regulations throughout our recruitment process.<\/p>\n<p>At PGE Tugs, we strive to provide our employees with access to training, development, and career opportunities. Our training and development programs aim to enhance the skills and knowledge of our employees. Additionally, our performance evaluations track employee performance and identify areas for development.<\/p>\n<p>Ensuring the health and safety of our employees is paramount to us at PGE Tugs. Our occupational health and safety policy aim to provide a safe working environment for our employees. Regular training is provided to prevent workplace accidents, and safety procedures are strictly enforced.<\/p>\n<p>At PGE Tugs, we respect the diversity of our employees and enjoy working with individuals from different cultural and language backgrounds. Our human resources policy aims to provide equal opportunities to all employees and to help everyone realize their full potential.<\/p>\n<p>As PGE Tugs, we aim to invest in human resources to increase the satisfaction, development, and performance of our employees. Our recruitment process is conducted fairly and transparently, we prioritize the training and development of our employees, ensure health and safety, and respect diversity.<\/p>\n<\/div><!-- .vgblk-rw-wrapper -->","protected":false},"excerpt":{"rendered":"<p>\u0130.K. Ayd\u0131nlatma Metni PGE Tugs olarak, insan kaynaklar\u0131na yat\u0131r\u0131m yapman\u0131n \u00f6nemini biliyoruz. \u00c7al\u0131\u015fanlar\u0131m\u0131z, \u015firketimizin ba\u015far\u0131s\u0131n\u0131n temelini olu\u015fturur ve onlar\u0131 memnun etmek, i\u015f sonu\u00e7lar\u0131m\u0131za da yans\u0131r. \u0130nsan kaynaklar\u0131 politikam\u0131z, \u00e7al\u0131\u015fanlar\u0131m\u0131z\u0131n mutlulu\u011funu, geli\u015fimini ve performans\u0131n\u0131 art\u0131rmay\u0131 ama\u00e7lar. \u0130\u015fe al\u0131m s\u00fcrecimiz, adil, e\u015fitlik\u00e7i ve \u015feffaf bir \u015fekilde y\u00fcr\u00fct\u00fcl\u00fcr. \u0130\u015f ilanlar\u0131m\u0131z, a\u00e7\u0131k pozisyonlar ve nitelikler hakk\u0131nda a\u00e7\u0131k ve do\u011fru&#8230;<\/p>","protected":false},"author":1,"featured_media":0,"parent":0,"menu_order":0,"comment_status":"closed","ping_status":"closed","template":"","meta":{"_monsterinsights_skip_tracking":false,"_monsterinsights_sitenote_active":false,"_monsterinsights_sitenote_note":"","_monsterinsights_sitenote_category":0,"_joinchat":[],"footnotes":""},"class_list":["post-987962","page","type-page","status-publish","hentry"],"jetpack_sharing_enabled":true,"_links":{"self":[{"href":"https:\/\/pgetugs.com\/en\/wp-json\/wp\/v2\/pages\/987962","targetHints":{"allow":["GET"]}}],"collection":[{"href":"https:\/\/pgetugs.com\/en\/wp-json\/wp\/v2\/pages"}],"about":[{"href":"https:\/\/pgetugs.com\/en\/wp-json\/wp\/v2\/types\/page"}],"author":[{"embeddable":true,"href":"https:\/\/pgetugs.com\/en\/wp-json\/wp\/v2\/users\/1"}],"replies":[{"embeddable":true,"href":"https:\/\/pgetugs.com\/en\/wp-json\/wp\/v2\/comments?post=987962"}],"version-history":[{"count":3,"href":"https:\/\/pgetugs.com\/en\/wp-json\/wp\/v2\/pages\/987962\/revisions"}],"predecessor-version":[{"id":988115,"href":"https:\/\/pgetugs.com\/en\/wp-json\/wp\/v2\/pages\/987962\/revisions\/988115"}],"wp:attachment":[{"href":"https:\/\/pgetugs.com\/en\/wp-json\/wp\/v2\/media?parent=987962"}],"curies":[{"name":"wp","href":"https:\/\/api.w.org\/{rel}","templated":true}]}}