{"id":988349,"date":"2023-02-27T09:25:06","date_gmt":"2023-02-27T09:25:06","guid":{"rendered":"https:\/\/pgetugs.com\/?page_id=988349"},"modified":"2026-01-06T23:55:02","modified_gmt":"2026-01-06T20:55:02","slug":"liman-romorkorculuk-hizmetleri","status":"publish","type":"page","link":"https:\/\/pgetugs.com\/en\/liman-romorkorculuk-hizmetleri\/","title":{"rendered":"Port Tugboat Services"},"content":{"rendered":"<div class=\"vgblk-rw-wrapper limit-wrapper\">\n<h1>\n\tPort Tugboat Services\n\t<\/h1>\n\t<p>Denizcilik sekt\u00f6r\u00fc, d\u00fcnya ticaretinin b\u00fcy\u00fck bir k\u0131sm\u0131n\u0131n ta\u015f\u0131nmas\u0131nda kilit bir rol oynar. B\u00fcy\u00fck gemilerin seyahatleri boyunca, limanlara giri\u015f ve \u00e7\u0131k\u0131\u015flarda \u00e7e\u015fitli zorluklarla kar\u015f\u0131la\u015fabilirler. Bu nedenle, r\u00f6mork\u00f6rc\u00fcl\u00fck hizmetleri, liman i\u015fletmeleri ve denizcilik end\u00fcstrisi i\u00e7in hayati \u00f6nem ta\u015f\u0131r. PGE Tugs, <strong>r\u00f6mork\u00f6rc\u00fcl\u00fck hizmetleri<\/strong> konusunda uzmanla\u015fm\u0131\u015f bir firma olarak, limanlarda g\u00fcvenli\u011fi sa\u011flamak ve gemilerin kolayca yana\u015fmas\u0131n\u0131 sa\u011flamak i\u00e7in \u00e7al\u0131\u015fmaktad\u0131r.<\/p>\n<p>PGE Tugs, \u00f6zellikle zorlu deniz \u015fartlar\u0131na sahip b\u00f6lgelerde faaliyet g\u00f6steren bir r\u00f6mork\u00f6r firmas\u0131d\u0131r. Firma, gemilerin g\u00fcvenli bir \u015fekilde yana\u015fmas\u0131na ve ayr\u0131lmas\u0131na yard\u0131mc\u0131 olmak i\u00e7in modern r\u00f6mork\u00f6rler ve y\u00fcksek kaliteli ekipmanlar kullanmaktad\u0131r. <strong>Limanlarda r\u00f6mork\u00f6rc\u00fcl\u00fck hizmetleri<\/strong>, y\u00fcksek beceri ve deneyim gerektiren bir i\u015f oldu\u011fundan, PGE Tugs&#8217;un yetenekli ve deneyimli ekibi, gemilerin g\u00fcvenli bir \u015fekilde hareket etmesini sa\u011flar.<\/p>\n<p>PGE Tugs, bir\u00e7ok farkl\u0131 limanda faaliyet g\u00f6stermektedir. Bu limanlar aras\u0131nda, gemi trafi\u011finin yo\u011fun oldu\u011fu limanlar ve \u00f6zellikle b\u00fcy\u00fck gemilerin yana\u015fmas\u0131 zorlu limanlar bulunmaktad\u0131r. <strong>Firmam\u0131z\u0131n r\u00f6mork\u00f6rc\u00fcl\u00fck hizmetleri<\/strong>, bu limanlarda etkin bir \u015fekilde \u00e7al\u0131\u015f\u0131rken ayn\u0131 zamanda \u00e7evreye de duyarl\u0131l\u0131k g\u00f6stermektedir. PGE Tugs, \u00e7evre koruma politikalar\u0131n\u0131 benimseyerek, faaliyetlerini \u00e7evreyi en az etkileyecek \u015fekilde ger\u00e7ekle\u015ftirmektedir.<\/p>\n<p>Liman r\u00f6mork\u00f6rc\u00fcl\u00fck hizmetleri, denizcilik end\u00fcstrisinde olduk\u00e7a \u00f6nemlidir. PGE Tugs&#8217;un deneyimli ekibi, limanlarda g\u00fcvenli\u011fi sa\u011flamak ve gemilerin h\u0131zl\u0131 ve verimli bir \u015fekilde yana\u015fmas\u0131n\u0131 sa\u011flamak i\u00e7in \u00e7al\u0131\u015f\u0131r. Firmam\u0131z, r\u00f6mork\u00f6rc\u00fcl\u00fck hizmetlerinde lider konumda olmak i\u00e7in s\u00fcrekli olarak teknolojik yenilikleri takip eder ve m\u00fc\u015fterilerimize en iyi hizmeti sunar.<\/p>\n<p>Ultimately, PGE Tugs understands the significance of port tugboat services in the maritime sector and effectively executes these services. Our company consistently provides high-quality, reliable, and trustworthy services to our customers.<\/p>\n<p>Kaliteli, g\u00fcvenilir ve \u00e7evre dostu hizmetler sunarak, sekt\u00f6rdeki lider konumunu korumaktad\u0131r. <strong>Liman r\u00f6mork\u00f6rc\u00fcl\u00fck hizmetleri<\/strong>, denizcilik end\u00fcstrisindeki g\u00fcvenli\u011fi ve verimlili\u011fi sa\u011flamak i\u00e7in vazge\u00e7ilmez bir unsurdur ve PGE Tugs, bu konuda uzmanl\u0131\u011f\u0131 ve deneyimiyle \u00f6ne \u00e7\u0131kmaktad\u0131r.<\/p>\n<p>PGE Tugs&#8217;un r\u00f6mork\u00f6rc\u00fcl\u00fck hizmetleri, gemilerin limana g\u00fcvenli bir \u015fekilde yana\u015fmas\u0131n\u0131 sa\u011flamakla kalmaz, ayn\u0131 zamanda gemilerin ta\u015f\u0131d\u0131\u011f\u0131 y\u00fckleri de g\u00fcvenli bir \u015fekilde ta\u015f\u0131mas\u0131na yard\u0131mc\u0131 olur. Bu hizmetler, liman i\u015fletmeleri i\u00e7in de hayati \u00f6nem ta\u015f\u0131r \u00e7\u00fcnk\u00fc gemilerin h\u0131zl\u0131 ve verimli bir \u015fekilde yana\u015fmas\u0131, liman trafi\u011finin ak\u0131\u015f\u0131n\u0131 h\u0131zland\u0131r\u0131r ve i\u015fletme maliyetlerini azalt\u0131r.<\/p>\n<p>PGE Tugs&#8217;un <b>liman r\u00f6mork\u00f6rc\u00fcl\u00fck hizmetleri<\/b>, denizcilik end\u00fcstrisindeki di\u011fer \u015firketlerle rekabet etmek i\u00e7in teknolojik yenilikleri takip etmeyi gerektirir. Firmam\u0131z, son teknoloji r\u00f6mork\u00f6rler ve ekipmanlar kullanarak, m\u00fc\u015fterilerine en iyi hizmeti sunar. Ayr\u0131ca, \u00e7evre koruma politikalar\u0131n\u0131 benimseyerek, faaliyetlerimizi \u00e7evreyi en az etkileyecek \u015fekilde ger\u00e7ekle\u015ftiririz.<\/p>\n<p>&nbsp;<\/p>\n<h2>\u200b\u200bR\u00f6mork\u00f6r Hizmeti Nedir?<\/h2>\n<p><b>R\u00f6mork\u00f6r hizmeti<\/b>, b\u00fcy\u00fck tonajl\u0131 gemilerin limanlara g\u00fcvenli bir \u015fekilde giri\u015f-\u00e7\u0131k\u0131\u015f yapabilmesi, yana\u015fmas\u0131 ve ayr\u0131lmas\u0131 s\u0131ras\u0131nda verilen profesyonel denizcilik deste\u011fidir. D\u00fcnya ticaretinin b\u00fcy\u00fck b\u00f6l\u00fcm\u00fcn\u00fcn denizyolu ile ta\u015f\u0131nd\u0131\u011f\u0131 g\u00fcn\u00fcm\u00fczde, r\u00f6mork\u00f6rc\u00fcl\u00fck hizmetleri liman g\u00fcvenli\u011fi ve operasyonel verimlilik a\u00e7\u0131s\u0131ndan hayati bir rol oynar.<\/p>\n<p>B\u00fcy\u00fck gemiler; dar manevra alanlar\u0131, yo\u011fun gemi trafi\u011fi ve zorlu hava ko\u015fullar\u0131 nedeniyle limanlarda tek ba\u015f\u0131na hareket etmekte zorlanabilir. Bu noktada devreye giren r\u00f6mork\u00f6rler, gemilere itme, \u00e7ekme ve y\u00f6nlendirme deste\u011fi sa\u011flayarak hem geminin hem de liman altyap\u0131s\u0131n\u0131n g\u00fcvenli\u011fini korur.<\/p>\n<p><b>PGE Tugs<\/b>, liman r\u00f6mork\u00f6rc\u00fcl\u00fck hizmetleri alan\u0131nda uzmanla\u015fm\u0131\u015f yap\u0131s\u0131yla, gemilerin g\u00fcvenli, h\u0131zl\u0131 ve kontroll\u00fc \u015fekilde yana\u015fmas\u0131n\u0131 ve ayr\u0131lmas\u0131n\u0131 sa\u011flar. Modern r\u00f6mork\u00f6r filosu, y\u00fcksek \u00e7ekme g\u00fcc\u00fc ve deneyimli personeliyle \u00f6zellikle zorlu deniz \u015fartlar\u0131na sahip b\u00f6lgelerde etkin \u00e7\u00f6z\u00fcmler sunar.<\/p>\n<h2>R\u00f6mork\u00f6r \u00c7e\u015fitleri Nelerdir?<\/h2>\n<p>R\u00f6mork\u00f6rler, kullan\u0131m alanlar\u0131na ve teknik \u00f6zelliklerine g\u00f6re farkl\u0131 t\u00fcrlere ayr\u0131l\u0131r. Liman operasyonlar\u0131n\u0131n ihtiya\u00e7lar\u0131na g\u00f6re se\u00e7ilen <b>r\u00f6mork\u00f6r \u00e7e\u015fitleri,<\/b> g\u00fcvenli ve verimli manevra i\u00e7in b\u00fcy\u00fck \u00f6nem ta\u015f\u0131r.<\/p>\n<h3>1. Liman R\u00f6mork\u00f6rleri<\/h3>\n<p>Liman giri\u015f-\u00e7\u0131k\u0131\u015flar\u0131nda ve yana\u015fma manevralar\u0131nda kullan\u0131lan en yayg\u0131n r\u00f6mork\u00f6r t\u00fcr\u00fcd\u00fcr. B\u00fcy\u00fck gemilerin dar alanlarda kontroll\u00fc hareket etmesini sa\u011flar. <b>PGE Tugs<\/b>, yo\u011fun gemi trafi\u011fine sahip limanlarda bu r\u00f6mork\u00f6rlerle kesintisiz hizmet sunar.<\/p>\n<h3>2. ASD (Azimuth Stern Drive) R\u00f6mork\u00f6rler<\/h3>\n<p>360 derece d\u00f6nebilen pervane sistemine sahip bu r\u00f6mork\u00f6rler, y\u00fcksek manevra kabiliyeti sunar. Modern limanlarda en \u00e7ok tercih edilen r\u00f6mork\u00f6r \u00e7e\u015fitlerinden biridir ve zorlu hava ko\u015fullar\u0131nda \u00fcst\u00fcn performans sa\u011flar.<\/p>\n<h3>3. Voith Schneider R\u00f6mork\u00f6rler<\/h3>\n<p>\u00d6zel pervane sistemi sayesinde an\u0131nda y\u00f6n de\u011fi\u015ftirebilen bu r\u00f6mork\u00f6rler, hassas manevra gerektiren operasyonlarda kullan\u0131l\u0131r. \u00d6zellikle b\u00fcy\u00fck ve a\u011f\u0131r tonajl\u0131 gemiler i\u00e7in idealdir.<\/p>\n<h3>4. A\u00e7\u0131k Deniz (Ocean Going) R\u00f6mork\u00f6rleri<\/h3>\n<p>A\u00e7\u0131k denizde \u00e7ekme, kurtarma ve uzun mesafe operasyonlar\u0131 i\u00e7in tasarlanm\u0131\u015ft\u0131r. Liman d\u0131\u015f\u0131 g\u00f6revlerde ve acil durumlarda kullan\u0131l\u0131r.<\/p>\n<h3>5. Acil M\u00fcdahale ve Kurtarma R\u00f6mork\u00f6rleri<\/h3>\n<p>Yang\u0131n s\u00f6nd\u00fcrme, kurtarma ve \u00e7evre koruma operasyonlar\u0131nda g\u00f6rev al\u0131r. G\u00fc\u00e7l\u00fc ekipmanlar\u0131 sayesinde deniz g\u00fcvenli\u011fi a\u00e7\u0131s\u0131ndan kritik \u00f6neme sahiptir.<\/p>\n<h2>PGE Tugs ile G\u00fcvenli ve \u00c7evre Dostu R\u00f6mork\u00f6rc\u00fcl\u00fck<\/h2>\n<p>PGE Tugs, faaliyet g\u00f6sterdi\u011fi t\u00fcm limanlarda <b>g\u00fcvenlik, verimlilik ve \u00e7evre duyarl\u0131l\u0131\u011f\u0131n\u0131<\/b> \u00f6n planda tutar. Son teknoloji r\u00f6mork\u00f6rler, deneyimli m\u00fcrettebat ve \u00e7evre koruma politikalar\u0131yla, denizcilik sekt\u00f6r\u00fcne s\u00fcrd\u00fcr\u00fclebilir \u00e7\u00f6z\u00fcmler sunar.<\/p>\n<p>Liman r\u00f6mork\u00f6rc\u00fcl\u00fck hizmetleri sayesinde:<\/p>\n<ul>\n<li aria-level=\"1\">Gemi trafi\u011fi h\u0131zlan\u0131r\n<\/li>\n<li aria-level=\"1\">Operasyonel riskler azal\u0131r\n<\/li>\n<li aria-level=\"1\">Liman i\u015fletme maliyetleri d\u00fc\u015fer\n<\/li>\n<\/ul>\n<p>Sonu\u00e7 olarak, <b>Tug Services<\/b>, denizcilik end\u00fcstrisinin vazge\u00e7ilmez bir par\u00e7as\u0131d\u0131r. PGE Tugs, uzmanl\u0131\u011f\u0131 ve modern filosu ile bu alanda g\u00fcvenilir bir \u00e7\u00f6z\u00fcm orta\u011f\u0131 olarak \u00f6ne \u00e7\u0131kmaktad\u0131r.<\/p>\n\t\t\t\t\t\t\t<img decoding=\"async\" src=\"https:\/\/pgetugs.com\/wp-content\/plugins\/beaver-builder-lite-version\/img\/pixel.png\" alt=\"\" itemprop=\"image\" onerror=\"this.style.display='none'\"  \/>\n\n<\/div><!-- .vgblk-rw-wrapper -->","protected":false},"excerpt":{"rendered":"<p>Liman R\u00f6mork\u00f6rc\u00fcl\u00fck Hizmetleri Denizcilik sekt\u00f6r\u00fc, d\u00fcnya ticaretinin b\u00fcy\u00fck bir k\u0131sm\u0131n\u0131n ta\u015f\u0131nmas\u0131nda kilit bir rol oynar. B\u00fcy\u00fck gemilerin seyahatleri boyunca, limanlara giri\u015f ve \u00e7\u0131k\u0131\u015flarda \u00e7e\u015fitli zorluklarla kar\u015f\u0131la\u015fabilirler. Bu nedenle, r\u00f6mork\u00f6rc\u00fcl\u00fck hizmetleri, liman i\u015fletmeleri ve denizcilik end\u00fcstrisi i\u00e7in hayati \u00f6nem ta\u015f\u0131r. PGE Tugs, r\u00f6mork\u00f6rc\u00fcl\u00fck hizmetleri konusunda uzmanla\u015fm\u0131\u015f bir firma olarak, limanlarda g\u00fcvenli\u011fi sa\u011flamak ve gemilerin kolayca yana\u015fmas\u0131n\u0131&#8230;<\/p>","protected":false},"author":1,"featured_media":0,"parent":0,"menu_order":0,"comment_status":"closed","ping_status":"closed","template":"","meta":{"_monsterinsights_skip_tracking":false,"_monsterinsights_sitenote_active":false,"_monsterinsights_sitenote_note":"","_monsterinsights_sitenote_category":0,"_joinchat":[],"footnotes":""},"class_list":["post-988349","page","type-page","status-publish","hentry"],"jetpack_sharing_enabled":true,"_links":{"self":[{"href":"https:\/\/pgetugs.com\/en\/wp-json\/wp\/v2\/pages\/988349","targetHints":{"allow":["GET"]}}],"collection":[{"href":"https:\/\/pgetugs.com\/en\/wp-json\/wp\/v2\/pages"}],"about":[{"href":"https:\/\/pgetugs.com\/en\/wp-json\/wp\/v2\/types\/page"}],"author":[{"embeddable":true,"href":"https:\/\/pgetugs.com\/en\/wp-json\/wp\/v2\/users\/1"}],"replies":[{"embeddable":true,"href":"https:\/\/pgetugs.com\/en\/wp-json\/wp\/v2\/comments?post=988349"}],"version-history":[{"count":10,"href":"https:\/\/pgetugs.com\/en\/wp-json\/wp\/v2\/pages\/988349\/revisions"}],"predecessor-version":[{"id":990916,"href":"https:\/\/pgetugs.com\/en\/wp-json\/wp\/v2\/pages\/988349\/revisions\/990916"}],"wp:attachment":[{"href":"https:\/\/pgetugs.com\/en\/wp-json\/wp\/v2\/media?parent=988349"}],"curies":[{"name":"wp","href":"https:\/\/api.w.org\/{rel}","templated":true}]}}