{"id":989697,"date":"2024-03-13T11:23:24","date_gmt":"2024-03-13T11:23:24","guid":{"rendered":"https:\/\/pgetugs.com\/?page_id=989697"},"modified":"2026-03-11T17:48:24","modified_gmt":"2026-03-11T14:48:24","slug":"m-tug-kazim-bey-tugboat-services-romorkor-hizmetleri","status":"publish","type":"page","link":"https:\/\/pgetugs.com\/en\/m-tug-kazim-bey-tugboat-services-romorkor-hizmetleri\/","title":{"rendered":"M\/Tug Kaz\u0131m Bey \u2013 Tugboat Services \/ R\u00f6mork\u00f6r Hizmetleri"},"content":{"rendered":"<div class=\"vgblk-rw-wrapper limit-wrapper\">\n<h2>\n\t\tM\/Tug Kaz\u0131m Bey\n\t<\/h2>\n<table>\n<tbody>\n<tr><!-- Burada y\u00fcksekli\u011fi px olarak ayarlayabilirsiniz -->\n<th><strong>Tugboat Name<\/strong><\/th>\n<td>Kaz\u0131m Bey<\/td>\n<\/tr>\n<tr>\n<th>IMO<\/th>\n<td>1038937<\/td>\n<\/tr>\n<tr>\n<th>MMSI<\/th>\n<td>271043488<\/td>\n<\/tr>\n<tr>\n<th>Flag<\/th>\n<td>Turkey<\/td>\n<\/tr>\n<tr>\n<th>Gross Tonnage<\/th>\n<td>115 Ton<\/td>\n<\/tr>\n<tr>\n<th>Net Tonnage<\/th>\n<td>35 Ton<\/td>\n<\/tr>\n<tr>\n<th>Lenght Over All<\/th>\n<td>22,3 m<\/td>\n<\/tr>\n<tr>\n<th>Register Breadth<\/th>\n<td>6,5 m<\/td>\n<\/tr>\n<tr>\n<th>Year of Manufacture<\/th>\n<td>2013<\/td>\n<\/tr>\n<tr>\n<th>Traction Power<\/th>\n<td>32 Ton<\/td>\n<\/tr>\n<tr>\n<th>Main Engine \/ Maker<\/th>\n<td>WEICHAI X2<\/td>\n<\/tr>\n<tr>\n<th>Type<\/th>\n<td>8170ZC1000-5<\/td>\n<\/tr>\n<tr>\n<th>Engine Power<\/th>\n<td>985 BHP X2<\/td>\n<\/tr>\n<\/tbody>\n<\/table>\n\t\t\t\t\t\t\t<img loading=\"lazy\" decoding=\"async\" src=\"https:\/\/pgetugs.com\/wp-content\/uploads\/2024\/09\/1-2.jpg\" alt=\"1\" itemprop=\"image\" height=\"842\" width=\"595\" title=\"1\" onerror=\"this.style.display='none'\" srcset=\"https:\/\/pgetugs.com\/wp-content\/uploads\/2024\/09\/1-2.jpg 595w, https:\/\/pgetugs.com\/wp-content\/uploads\/2024\/09\/1-2-212x300.jpg 212w, https:\/\/pgetugs.com\/wp-content\/uploads\/2024\/09\/1-2-8x12.jpg 8w, https:\/\/pgetugs.com\/wp-content\/uploads\/2024\/09\/1-2-420x594.jpg 420w, https:\/\/pgetugs.com\/wp-content\/uploads\/2024\/09\/1-2-315x446.jpg 315w\" sizes=\"auto, (max-width: 595px) 100vw, 595px\" \/>\t\t\t\t\t\t\t\n\t\t\t\t<a href=\"https:\/\/pgetugs.com\/wp-content\/uploads\/2024\/08\/Kazim-Bey-Ship-Particular-1.pdf\" target=\"_blank\" rel=\"noopener\"  itemprop=\"url\" title=\"Kaz\u0131m Bey - Ship Particular_page-0001\">\n\t\t\t\t\t\t\t<img loading=\"lazy\" decoding=\"async\" src=\"https:\/\/pgetugs.com\/wp-content\/uploads\/2024\/08\/Kazim-Bey-Ship-Particular_page-0001-1.jpg\" alt=\"Kaz\u0131m Bey - Ship Particular_page-0001\" itemprop=\"image\" height=\"1754\" width=\"1241\" data-link-type=\"url\" title=\"Kaz\u0131m Bey - Ship Particular_page-0001\" onerror=\"this.style.display='none'\" srcset=\"https:\/\/pgetugs.com\/wp-content\/uploads\/2024\/08\/Kazim-Bey-Ship-Particular_page-0001-1.jpg 1241w, https:\/\/pgetugs.com\/wp-content\/uploads\/2024\/08\/Kazim-Bey-Ship-Particular_page-0001-1-212x300.jpg 212w, https:\/\/pgetugs.com\/wp-content\/uploads\/2024\/08\/Kazim-Bey-Ship-Particular_page-0001-1-725x1024.jpg 725w, https:\/\/pgetugs.com\/wp-content\/uploads\/2024\/08\/Kazim-Bey-Ship-Particular_page-0001-1-768x1085.jpg 768w, https:\/\/pgetugs.com\/wp-content\/uploads\/2024\/08\/Kazim-Bey-Ship-Particular_page-0001-1-1087x1536.jpg 1087w, https:\/\/pgetugs.com\/wp-content\/uploads\/2024\/08\/Kazim-Bey-Ship-Particular_page-0001-1-8x12.jpg 8w, https:\/\/pgetugs.com\/wp-content\/uploads\/2024\/08\/Kazim-Bey-Ship-Particular_page-0001-1-630x890.jpg 630w, https:\/\/pgetugs.com\/wp-content\/uploads\/2024\/08\/Kazim-Bey-Ship-Particular_page-0001-1-420x594.jpg 420w, https:\/\/pgetugs.com\/wp-content\/uploads\/2024\/08\/Kazim-Bey-Ship-Particular_page-0001-1-840x1187.jpg 840w, https:\/\/pgetugs.com\/wp-content\/uploads\/2024\/08\/Kazim-Bey-Ship-Particular_page-0001-1-315x445.jpg 315w\" sizes=\"auto, (max-width: 1241px) 100vw, 1241px\" \/>\t\t\t\t\t\t<\/a>\n<h4><strong>Kaz\u0131m Bey&#8217;in 2023 ve sonras\u0131 verileri<br \/>\n<\/strong><\/h4>\n\t\t\t300\n<h5>\n\tThe milestone we've achieved\n\t<\/h5>\n\t\t\t11\n<h5>\n\tOperation\n\t<\/h5>\n\t\t\t91\n<h5>\n\tHourly attendance\n\t<\/h5>\n\n<\/div><!-- .vgblk-rw-wrapper -->","protected":false},"excerpt":{"rendered":"<p>M\/Tug Kaz\u0131m Bey R\u00f6mork\u00f6r Ad\u0131 Kaz\u0131m Bey IMO 1038937 MMSI 271043488 Bayrak T\u00fcrkiye Br\u00fct Tonaj 115 Ton Net Tonaj 35 Ton Tam Boy 22,3 m K\u00fct\u00fck Eni 6,5 m Yap\u0131m Y\u0131l\u0131 2013 \u00c7ekme G\u00fcc\u00fc 32 Ton Ana Makine \/ Markas\u0131 WEICHAI X2 Tipi 8170ZC1000-5 Motor G\u00fcc\u00fc 985 BHP X2 Kaz\u0131m Bey&#8217;in 2023 ve sonras\u0131 verileri&#8230;<\/p>","protected":false},"author":1,"featured_media":0,"parent":0,"menu_order":0,"comment_status":"closed","ping_status":"closed","template":"","meta":{"_monsterinsights_skip_tracking":false,"_monsterinsights_sitenote_active":false,"_monsterinsights_sitenote_note":"","_monsterinsights_sitenote_category":0,"_joinchat":[],"footnotes":""},"class_list":["post-989697","page","type-page","status-publish","hentry"],"jetpack_sharing_enabled":true,"_links":{"self":[{"href":"https:\/\/pgetugs.com\/en\/wp-json\/wp\/v2\/pages\/989697","targetHints":{"allow":["GET"]}}],"collection":[{"href":"https:\/\/pgetugs.com\/en\/wp-json\/wp\/v2\/pages"}],"about":[{"href":"https:\/\/pgetugs.com\/en\/wp-json\/wp\/v2\/types\/page"}],"author":[{"embeddable":true,"href":"https:\/\/pgetugs.com\/en\/wp-json\/wp\/v2\/users\/1"}],"replies":[{"embeddable":true,"href":"https:\/\/pgetugs.com\/en\/wp-json\/wp\/v2\/comments?post=989697"}],"version-history":[{"count":46,"href":"https:\/\/pgetugs.com\/en\/wp-json\/wp\/v2\/pages\/989697\/revisions"}],"predecessor-version":[{"id":991068,"href":"https:\/\/pgetugs.com\/en\/wp-json\/wp\/v2\/pages\/989697\/revisions\/991068"}],"wp:attachment":[{"href":"https:\/\/pgetugs.com\/en\/wp-json\/wp\/v2\/media?parent=989697"}],"curies":[{"name":"wp","href":"https:\/\/api.w.org\/{rel}","templated":true}]}}