{"id":987734,"date":"2023-02-04T13:29:02","date_gmt":"2023-02-04T13:29:02","guid":{"rendered":"https:\/\/pgetugs.com\/?page_id=987734"},"modified":"2024-01-13T13:26:18","modified_gmt":"2024-01-13T13:26:18","slug":"hakkimizda","status":"publish","type":"page","link":"https:\/\/pgetugs.com\/tr\/hakkimizda\/","title":{"rendered":"Hakk\u0131m\u0131zda"},"content":{"rendered":"<div class=\"vgblk-rw-wrapper limit-wrapper\">\n<h3>\n\t\tHakk\u0131m\u0131zda\n\t<\/h3>\n<p>&nbsp;<\/p>\n<p>PGE Tugs olarak, r\u00f6mork\u00f6r hizmetlerimizle birlikte 2020 y\u0131l\u0131nda ba\u015flad\u0131\u011f\u0131m\u0131z denizcilik faaliyetlerimizde hem d\u00fcnya genelinde hem de \u00fclke i\u00e7inde h\u0131zl\u0131 bir \u015fekilde geli\u015fme kaydettik. Son y\u0131llarda \u00fclkemizde sa\u011flanan denizcilik sekt\u00f6r\u00fcndeki geli\u015fmeleri yak\u0131ndan takip ediyor ve PGE Tugs olarak firmam\u0131zda gerekli ad\u0131mlar\u0131 atarak her zaman g\u00fcncel kalmaya \u00f6zen g\u00f6steriyoruz.<\/p>\n<p>M\u00fc\u015fterilerimize sundu\u011fumuz hizmetler aras\u0131nda \u00f6ne \u00e7\u0131kan r\u00f6mork\u00f6r ve \u00e7eki hizmetleriyle, en iyi hizmeti sunma politikas\u0131n\u0131 benimsiyor ve bu do\u011frultuda faaliyet g\u00f6steriyoruz.<\/p>\n<p>PGE Tugs olarak, yolculu\u011fumuza ba\u015flad\u0131\u011f\u0131m\u0131z g\u00fcnden beri azim ve profesyonellikle \u00e7al\u0131\u015farak b\u00fcy\u00fck projelere imza att\u0131k ve denizcilik sekt\u00f6r\u00fcnde rekabet edebilecek bir seviyeye ula\u015ft\u0131k. \u00d6zellikle sundu\u011fumuz r\u00f6mork\u00f6r hizmetleriyle D\u00fcnya ve \u00fclke i\u00e7inde say\u0131l\u0131 firmalardan biri olmaktan gurur duyuyoruz.<\/p>\n\n\t\t\t\t\t\t\t<img decoding=\"async\" loading=\"lazy\" src=\"https:\/\/pgetugs.com\/wp-content\/uploads\/2023\/05\/site-hakkimizda-kismi.jpg\" alt=\"site-hakk\u0131m\u0131zda-k\u0131sm\u0131\" itemprop=\"image\" height=\"1000\" width=\"1500\" title=\"site-hakk\u0131m\u0131zda-k\u0131sm\u0131\" onerror=\"this.style.display='none'\"  sizes=\"auto, (max-width: 768px) 100vw, 100vw\" srcset=\"https:\/\/pgetugs.com\/wp-content\/uploads\/2023\/05\/site-hakkimizda-kismi.jpg 1500w, https:\/\/pgetugs.com\/wp-content\/uploads\/2023\/05\/site-hakkimizda-kismi-300x200.jpg 300w, https:\/\/pgetugs.com\/wp-content\/uploads\/2023\/05\/site-hakkimizda-kismi-1024x683.jpg 1024w, https:\/\/pgetugs.com\/wp-content\/uploads\/2023\/05\/site-hakkimizda-kismi-768x512.jpg 768w, https:\/\/pgetugs.com\/wp-content\/uploads\/2023\/05\/site-hakkimizda-kismi-1260x840.jpg 1260w, https:\/\/pgetugs.com\/wp-content\/uploads\/2023\/05\/site-hakkimizda-kismi-630x420.jpg 630w, https:\/\/pgetugs.com\/wp-content\/uploads\/2023\/05\/site-hakkimizda-kismi-420x280.jpg 420w, https:\/\/pgetugs.com\/wp-content\/uploads\/2023\/05\/site-hakkimizda-kismi-840x560.jpg 840w, https:\/\/pgetugs.com\/wp-content\/uploads\/2023\/05\/site-hakkimizda-kismi-315x210.jpg 315w\" \/>\t\t\t\t\t\t\t\n<p>Vizyonumuz: PGE Tugs olarak, denizcilik sekt\u00f6r\u00fcnde \u00f6nc\u00fc firmalardan biri olmak ve m\u00fc\u015fterilerimize sundu\u011fumuz r\u00f6mork\u00f6r ve \u00e7eki hizmetleriyle sekt\u00f6rdeki lider konumumuzu korumak.<\/p>\n<p>Misyonumuz: M\u00fc\u015fteri memnuniyetini her zaman \u00f6ncelikli tutarak, denizcilik sekt\u00f6r\u00fcnde en kaliteli hizmeti sunmak ve sekt\u00f6rdeki geli\u015fmeleri yak\u0131ndan takip ederek s\u00fcrekli kendimizi yenilemek. Ayn\u0131 zamanda, \u00e7al\u0131\u015fanlar\u0131m\u0131z\u0131n geli\u015fimine \u00f6nem vermek ve onlar\u0131 i\u015fletmemizin en de\u011ferli kayna\u011f\u0131 olarak g\u00f6rmek.<\/p>\n\n<\/div><!-- .vgblk-rw-wrapper -->","protected":false},"excerpt":{"rendered":"<p>Hakk\u0131m\u0131zda &nbsp; PGE Tugs olarak, r\u00f6mork\u00f6r hizmetlerimizle birlikte 2020 y\u0131l\u0131nda ba\u015flad\u0131\u011f\u0131m\u0131z denizcilik faaliyetlerimizde hem d\u00fcnya genelinde hem de \u00fclke i\u00e7inde h\u0131zl\u0131 bir \u015fekilde geli\u015fme kaydettik. Son y\u0131llarda \u00fclkemizde sa\u011flanan denizcilik sekt\u00f6r\u00fcndeki geli\u015fmeleri yak\u0131ndan takip ediyor ve PGE Tugs olarak firmam\u0131zda gerekli ad\u0131mlar\u0131 atarak her zaman g\u00fcncel kalmaya \u00f6zen g\u00f6steriyoruz. M\u00fc\u015fterilerimize sundu\u011fumuz hizmetler aras\u0131nda \u00f6ne \u00e7\u0131kan&#8230;<\/p>\n","protected":false},"author":1,"featured_media":0,"parent":0,"menu_order":0,"comment_status":"closed","ping_status":"closed","template":"","meta":{"_monsterinsights_skip_tracking":false,"_monsterinsights_sitenote_active":false,"_monsterinsights_sitenote_note":"","_monsterinsights_sitenote_category":0,"_joinchat":[],"footnotes":""},"class_list":["post-987734","page","type-page","status-publish","hentry"],"jetpack_sharing_enabled":true,"_links":{"self":[{"href":"https:\/\/pgetugs.com\/tr\/wp-json\/wp\/v2\/pages\/987734","targetHints":{"allow":["GET"]}}],"collection":[{"href":"https:\/\/pgetugs.com\/tr\/wp-json\/wp\/v2\/pages"}],"about":[{"href":"https:\/\/pgetugs.com\/tr\/wp-json\/wp\/v2\/types\/page"}],"author":[{"embeddable":true,"href":"https:\/\/pgetugs.com\/tr\/wp-json\/wp\/v2\/users\/1"}],"replies":[{"embeddable":true,"href":"https:\/\/pgetugs.com\/tr\/wp-json\/wp\/v2\/comments?post=987734"}],"version-history":[{"count":25,"href":"https:\/\/pgetugs.com\/tr\/wp-json\/wp\/v2\/pages\/987734\/revisions"}],"predecessor-version":[{"id":988952,"href":"https:\/\/pgetugs.com\/tr\/wp-json\/wp\/v2\/pages\/987734\/revisions\/988952"}],"wp:attachment":[{"href":"https:\/\/pgetugs.com\/tr\/wp-json\/wp\/v2\/media?parent=987734"}],"curies":[{"name":"wp","href":"https:\/\/api.w.org\/{rel}","templated":true}]}}