{"id":987920,"date":"2023-02-06T06:41:55","date_gmt":"2023-02-06T06:41:55","guid":{"rendered":"https:\/\/pgetugs.com\/?page_id=987920"},"modified":"2023-02-06T06:50:08","modified_gmt":"2023-02-06T06:50:08","slug":"ik","status":"publish","type":"page","link":"https:\/\/pgetugs.com\/tr\/ik\/","title":{"rendered":"\u0130.K."},"content":{"rendered":"<div class=\"vgblk-rw-wrapper limit-wrapper\">\n<h3>\n\t\u0130nsan Kaynaklar\u0131 &#8211; CV G\u00f6nderin\n\t<\/h3>\n\tBildirim: Bu i\u00e7erik i\u00e7in bir JavaScript gereklidir.\n        <!-- TODO: Move to Template File. -->\n        \n<\/div><!-- .vgblk-rw-wrapper -->","protected":false},"excerpt":{"rendered":"<p>\u0130nsan Kaynaklar\u0131 &#8211; CV G\u00f6nderin Bildirim: Bu i\u00e7erik i\u00e7in bir JavaScript gereklidir.<\/p>\n","protected":false},"author":1,"featured_media":0,"parent":0,"menu_order":0,"comment_status":"closed","ping_status":"closed","template":"","meta":{"_monsterinsights_skip_tracking":false,"_monsterinsights_sitenote_active":false,"_monsterinsights_sitenote_note":"","_monsterinsights_sitenote_category":0,"_joinchat":[],"footnotes":""},"class_list":["post-987920","page","type-page","status-publish","hentry"],"jetpack_sharing_enabled":true,"_links":{"self":[{"href":"https:\/\/pgetugs.com\/tr\/wp-json\/wp\/v2\/pages\/987920","targetHints":{"allow":["GET"]}}],"collection":[{"href":"https:\/\/pgetugs.com\/tr\/wp-json\/wp\/v2\/pages"}],"about":[{"href":"https:\/\/pgetugs.com\/tr\/wp-json\/wp\/v2\/types\/page"}],"author":[{"embeddable":true,"href":"https:\/\/pgetugs.com\/tr\/wp-json\/wp\/v2\/users\/1"}],"replies":[{"embeddable":true,"href":"https:\/\/pgetugs.com\/tr\/wp-json\/wp\/v2\/comments?post=987920"}],"version-history":[{"count":4,"href":"https:\/\/pgetugs.com\/tr\/wp-json\/wp\/v2\/pages\/987920\/revisions"}],"predecessor-version":[{"id":987926,"href":"https:\/\/pgetugs.com\/tr\/wp-json\/wp\/v2\/pages\/987920\/revisions\/987926"}],"wp:attachment":[{"href":"https:\/\/pgetugs.com\/tr\/wp-json\/wp\/v2\/media?parent=987920"}],"curies":[{"name":"wp","href":"https:\/\/api.w.org\/{rel}","templated":true}]}}