{"id":987960,"date":"2023-02-06T07:55:59","date_gmt":"2023-02-06T07:55:59","guid":{"rendered":"https:\/\/pgetugs.com\/?page_id=987960"},"modified":"2023-02-23T10:41:23","modified_gmt":"2023-02-23T10:41:23","slug":"genel-aydinlatma-metni","status":"publish","type":"page","link":"https:\/\/pgetugs.com\/tr\/genel-aydinlatma-metni\/","title":{"rendered":"Genel Ayd\u0131nlatma Metni"},"content":{"rendered":"<div class=\"vgblk-rw-wrapper limit-wrapper\">\n\n\t<h1>Genel Ayd\u0131nlatma Metni<\/h1>\n<p>PGE Tugs, gemi \u00e7ekme, r\u00f6mork\u00f6rc\u00fcl\u00fck ve liman hizmetleri konular\u0131nda faaliyet g\u00f6steren bir \u015firkettir. PGE Tugs olarak, faaliyetlerimizi y\u00fcr\u00fct\u00fcrken \u00e7evreye sayg\u0131 duyuyor, t\u00fcm faaliyetlerimizi yasalara ve d\u00fczenlemelere uygun olarak ger\u00e7ekle\u015ftiriyoruz.<\/p>\n<p>\u015eirketimiz, denizcilik sekt\u00f6r\u00fcndeki uzman kadrosu, modern filosu ve ileri teknolojik ekipmanlar\u0131 ile m\u00fc\u015fterilerine y\u00fcksek kaliteli hizmet sunmaktad\u0131r. M\u00fc\u015fterilerimizin ihtiya\u00e7lar\u0131n\u0131 tam olarak kar\u015f\u0131lamak i\u00e7in her zaman profesyonel ve verimli bir \u015fekilde \u00e7al\u0131\u015f\u0131yoruz.<\/p>\n<p>PGE Tugs olarak, faaliyetlerimiz s\u0131ras\u0131nda \u00e7evreyi korumak ve s\u00fcrd\u00fcr\u00fclebilirli\u011fi sa\u011flamak i\u00e7in \u00e7e\u015fitli \u00f6nlemler al\u0131yoruz. \u00c7al\u0131\u015fanlar\u0131m\u0131z, m\u00fc\u015fterilerimiz ve \u00e7evremizle ilgili sorumluluklar\u0131m\u0131z\u0131n bilincindeyiz ve bu nedenle i\u015f sa\u011fl\u0131\u011f\u0131 ve g\u00fcvenli\u011fi, \u00e7evre koruma ve kalite y\u00f6netimi konular\u0131na \u00f6ncelik veriyoruz.<\/p>\n<p>M\u00fc\u015fteri memnuniyeti, PGE Tugs olarak \u00f6nceli\u011fimizdir. M\u00fc\u015fterilerimize en iyi hizmeti sunmak i\u00e7in s\u00fcrekli olarak kendimizi geli\u015ftiriyoruz ve m\u00fc\u015fterilerimizle sa\u011fl\u0131kl\u0131 ve uzun vadeli ili\u015fkiler kurmaya \u00e7al\u0131\u015f\u0131yoruz.<\/p>\n<p>PGE Tugs olarak, y\u00fcksek etik standartlar\u0131na uygun olarak faaliyet g\u00f6steriyoruz ve t\u00fcm i\u015f ortaklar\u0131m\u0131z\u0131n da bu standartlar\u0131 takip etmelerini bekliyoruz. Faaliyetlerimiz s\u0131ras\u0131nda yolsuzluk ve r\u00fc\u015fvet gibi herhangi bir davran\u0131\u015fa izin vermiyoruz ve yasalara uygun olarak i\u015f yap\u0131yoruz.<\/p>\n<p>Sonu\u00e7 olarak, PGE Tugs olarak, gemi \u00e7ekme, r\u00f6mork\u00f6rc\u00fcl\u00fck ve liman hizmetleri konular\u0131nda en iyi hizmeti sunmak i\u00e7in m\u00fc\u015fterilerimize kaliteli ve g\u00fcvenilir bir \u015fekilde hizmet veriyoruz. Faaliyetlerimiz s\u0131ras\u0131nda \u00e7evreye sayg\u0131 duyuyor, s\u00fcrd\u00fcr\u00fclebilirli\u011fi sa\u011fl\u0131yor ve i\u015f eti\u011fi konusunda y\u00fcksek standartlara uyuyoruz.<\/p>\n\n<\/div><!-- .vgblk-rw-wrapper -->","protected":false},"excerpt":{"rendered":"<p>Genel Ayd\u0131nlatma Metni PGE Tugs, gemi \u00e7ekme, r\u00f6mork\u00f6rc\u00fcl\u00fck ve liman hizmetleri konular\u0131nda faaliyet g\u00f6steren bir \u015firkettir. PGE Tugs olarak, faaliyetlerimizi y\u00fcr\u00fct\u00fcrken \u00e7evreye sayg\u0131 duyuyor, t\u00fcm faaliyetlerimizi yasalara ve d\u00fczenlemelere uygun olarak ger\u00e7ekle\u015ftiriyoruz. \u015eirketimiz, denizcilik sekt\u00f6r\u00fcndeki uzman kadrosu, modern filosu ve ileri teknolojik ekipmanlar\u0131 ile m\u00fc\u015fterilerine y\u00fcksek kaliteli hizmet sunmaktad\u0131r. M\u00fc\u015fterilerimizin ihtiya\u00e7lar\u0131n\u0131 tam olarak kar\u015f\u0131lamak i\u00e7in&#8230;<\/p>\n","protected":false},"author":1,"featured_media":0,"parent":0,"menu_order":0,"comment_status":"closed","ping_status":"closed","template":"","meta":{"_monsterinsights_skip_tracking":false,"_monsterinsights_sitenote_active":false,"_monsterinsights_sitenote_note":"","_monsterinsights_sitenote_category":0,"_joinchat":[],"footnotes":""},"class_list":["post-987960","page","type-page","status-publish","hentry"],"jetpack_sharing_enabled":true,"_links":{"self":[{"href":"https:\/\/pgetugs.com\/tr\/wp-json\/wp\/v2\/pages\/987960","targetHints":{"allow":["GET"]}}],"collection":[{"href":"https:\/\/pgetugs.com\/tr\/wp-json\/wp\/v2\/pages"}],"about":[{"href":"https:\/\/pgetugs.com\/tr\/wp-json\/wp\/v2\/types\/page"}],"author":[{"embeddable":true,"href":"https:\/\/pgetugs.com\/tr\/wp-json\/wp\/v2\/users\/1"}],"replies":[{"embeddable":true,"href":"https:\/\/pgetugs.com\/tr\/wp-json\/wp\/v2\/comments?post=987960"}],"version-history":[{"count":3,"href":"https:\/\/pgetugs.com\/tr\/wp-json\/wp\/v2\/pages\/987960\/revisions"}],"predecessor-version":[{"id":988110,"href":"https:\/\/pgetugs.com\/tr\/wp-json\/wp\/v2\/pages\/987960\/revisions\/988110"}],"wp:attachment":[{"href":"https:\/\/pgetugs.com\/tr\/wp-json\/wp\/v2\/media?parent=987960"}],"curies":[{"name":"wp","href":"https:\/\/api.w.org\/{rel}","templated":true}]}}