{"id":988533,"date":"2023-03-01T20:40:20","date_gmt":"2023-03-01T20:40:20","guid":{"rendered":"https:\/\/pgetugs.com\/?page_id=988533"},"modified":"2023-03-01T21:11:41","modified_gmt":"2023-03-01T21:11:41","slug":"romorkor-brokering","status":"publish","type":"page","link":"https:\/\/pgetugs.com\/tr\/romorkor-brokering\/","title":{"rendered":"R\u00f6mork\u00f6r Brokering"},"content":{"rendered":"<div class=\"vgblk-rw-wrapper limit-wrapper\">\n<h2>\n\tR\u00f6mork\u00f6r Brokering\n\t<\/h2>\n<p>PGE Tugs, denizcilik end\u00fcstrisindeki g\u00fc\u00e7l\u00fc konumunu, r\u00f6mork\u00f6r brokering hizmetleri sunarak da s\u00fcrd\u00fcrmektedir. Bu hizmet, m\u00fc\u015fterilerine, limanlarda ve a\u00e7\u0131k denizlerde faaliyet g\u00f6steren r\u00f6mork\u00f6rler i\u00e7in kiralama, sat\u0131n alma veya sat\u0131\u015f i\u015flemlerinde yard\u0131mc\u0131 olur.<\/p>\n<p>PGE Tugs, r\u00f6mork\u00f6r brokering hizmetleri ile m\u00fc\u015fterilerine, gemilerin \u00e7ekilmesi, yana\u015ft\u0131r\u0131lmas\u0131, demir at\u0131lmas\u0131, r\u00fczgar t\u00fcrbinleri, petrol platformlar\u0131 ve do\u011falgaz platformlar\u0131 gibi b\u00fcy\u00fck yap\u0131lar\u0131n ta\u015f\u0131nmas\u0131 i\u00e7in gerekli olan r\u00f6mork\u00f6rlerin kiralanmas\u0131, sat\u0131n al\u0131nmas\u0131 veya sat\u0131lmas\u0131 konusunda uzmanl\u0131k sa\u011flar.<\/p>\n<p>Firma, m\u00fc\u015fterilerinin ihtiya\u00e7lar\u0131na \u00f6zel \u00e7\u00f6z\u00fcmler sunarak, denizcilik end\u00fcstrisindeki di\u011fer firmalarla rekabet eder. R\u00f6mork\u00f6r brokering hizmetleri, denizcilik end\u00fcstrisindeki gemi trafi\u011finin verimli ve g\u00fcvenli bir \u015fekilde y\u00f6netilmesi i\u00e7in vazge\u00e7ilmez bir hizmettir. PGE Tugs, deneyimli ve uzman personeli, son teknoloji r\u00f6mork\u00f6rleri ve ekipmanlar\u0131 ile m\u00fc\u015fterilerinin ihtiya\u00e7lar\u0131na uygun \u00f6zelle\u015ftirilmi\u015f \u00e7\u00f6z\u00fcmler sunar.<\/p>\n<p>PGE Tugs, r\u00f6mork\u00f6r brokering hizmetleri konusunda da \u00e7evreyi koruma politikalar\u0131n\u0131 benimser ve \u00e7evre dostu hizmetler sunar. \u00c7evreye sayg\u0131 duymak, do\u011fal kaynaklar\u0131 korumak ve s\u00fcrd\u00fcr\u00fclebilir bir gelecek i\u00e7in \u00e7al\u0131\u015fmak, firman\u0131n temel de\u011ferlerinden biridir.<\/p>\n\t\t\t\t\t\t\t<img decoding=\"async\" src=\"https:\/\/pgetugs.com\/wp-content\/plugins\/beaver-builder-lite-version\/img\/pixel.png\" alt=\"\" itemprop=\"image\" onerror=\"this.style.display='none'\"  \/>\n\n<\/div><!-- .vgblk-rw-wrapper -->","protected":false},"excerpt":{"rendered":"<p>R\u00f6mork\u00f6r Brokering PGE Tugs, denizcilik end\u00fcstrisindeki g\u00fc\u00e7l\u00fc konumunu, r\u00f6mork\u00f6r brokering hizmetleri sunarak da s\u00fcrd\u00fcrmektedir. Bu hizmet, m\u00fc\u015fterilerine, limanlarda ve a\u00e7\u0131k denizlerde faaliyet g\u00f6steren r\u00f6mork\u00f6rler i\u00e7in kiralama, sat\u0131n alma veya sat\u0131\u015f i\u015flemlerinde yard\u0131mc\u0131 olur. PGE Tugs, r\u00f6mork\u00f6r brokering hizmetleri ile m\u00fc\u015fterilerine, gemilerin \u00e7ekilmesi, yana\u015ft\u0131r\u0131lmas\u0131, demir at\u0131lmas\u0131, r\u00fczgar t\u00fcrbinleri, petrol platformlar\u0131 ve do\u011falgaz platformlar\u0131 gibi b\u00fcy\u00fck yap\u0131lar\u0131n&#8230;<\/p>\n","protected":false},"author":1,"featured_media":0,"parent":0,"menu_order":0,"comment_status":"closed","ping_status":"closed","template":"","meta":{"_monsterinsights_skip_tracking":false,"_monsterinsights_sitenote_active":false,"_monsterinsights_sitenote_note":"","_monsterinsights_sitenote_category":0,"_joinchat":[],"footnotes":""},"class_list":["post-988533","page","type-page","status-publish","hentry"],"jetpack_sharing_enabled":true,"_links":{"self":[{"href":"https:\/\/pgetugs.com\/tr\/wp-json\/wp\/v2\/pages\/988533","targetHints":{"allow":["GET"]}}],"collection":[{"href":"https:\/\/pgetugs.com\/tr\/wp-json\/wp\/v2\/pages"}],"about":[{"href":"https:\/\/pgetugs.com\/tr\/wp-json\/wp\/v2\/types\/page"}],"author":[{"embeddable":true,"href":"https:\/\/pgetugs.com\/tr\/wp-json\/wp\/v2\/users\/1"}],"replies":[{"embeddable":true,"href":"https:\/\/pgetugs.com\/tr\/wp-json\/wp\/v2\/comments?post=988533"}],"version-history":[{"count":3,"href":"https:\/\/pgetugs.com\/tr\/wp-json\/wp\/v2\/pages\/988533\/revisions"}],"predecessor-version":[{"id":988560,"href":"https:\/\/pgetugs.com\/tr\/wp-json\/wp\/v2\/pages\/988533\/revisions\/988560"}],"wp:attachment":[{"href":"https:\/\/pgetugs.com\/tr\/wp-json\/wp\/v2\/media?parent=988533"}],"curies":[{"name":"wp","href":"https:\/\/api.w.org\/{rel}","templated":true}]}}