{"id":988545,"date":"2023-03-01T20:51:55","date_gmt":"2023-03-01T20:51:55","guid":{"rendered":"https:\/\/pgetugs.com\/?page_id=988545"},"modified":"2023-03-01T20:58:20","modified_gmt":"2023-03-01T20:58:20","slug":"kurtarma-enkaz-kurtarma-ve-dalis-hizmetleri","status":"publish","type":"page","link":"https:\/\/pgetugs.com\/tr\/kurtarma-enkaz-kurtarma-ve-dalis-hizmetleri\/","title":{"rendered":"Kurtarma, Enkaz Kurtarma ve Dal\u0131\u015f Hizmetleri"},"content":{"rendered":"<div class=\"vgblk-rw-wrapper limit-wrapper\">\n<h2>\n\tKurtarma, Enkaz Kurtarma ve Dal\u0131\u015f Hizmetleri\n\t<\/h2>\n<p>Denizcilik sekt\u00f6r\u00fcnde, gemi kazalar\u0131, do\u011fal afetler veya benzeri sebeplerden kaynaklanan acil durumlarda, kurtarma, enkaz kurtarma ve dal\u0131\u015f hizmetleri b\u00fcy\u00fck bir \u00f6nem ta\u015f\u0131r. Bu hizmetler, gemi ve m\u00fcrettebat\u0131n\u0131n g\u00fcvenli\u011fi a\u00e7\u0131s\u0131ndan kritik bir rol oynar. PGE Tugs, deneyimli personeli ve modern ekipmanlar\u0131 ile kurtarma, enkaz kurtarma ve dal\u0131\u015f hizmetleri sunmaktad\u0131r.<\/p>\n<p>PGE Tugs, kurtarma hizmetleri konusunda uzmanla\u015fm\u0131\u015f bir firmad\u0131r. Gemi kazalar\u0131nda, yang\u0131n, patlama, gemi batt\u0131 veya karaya oturma gibi durumlarda h\u0131zl\u0131 ve etkili bir \u015fekilde m\u00fcdahale ederek, m\u00fcrettebat\u0131n g\u00fcvenli\u011fini sa\u011flar ve \u00e7evreye verilebilecek zararlar\u0131 minimuma indirir. PGE Tugs ayr\u0131ca, liman tesislerinde de kurtarma hizmetleri sunar ve her t\u00fcrl\u00fc acil durumda h\u0131zl\u0131 ve g\u00fcvenilir bir \u015fekilde m\u00fcdahale eder.<\/p>\n<p>Enkaz kurtarma hizmetleri de, denizcilik sekt\u00f6r\u00fcnde \u00f6nemli bir yer tutar. PGE Tugs, enkaz kurtarma hizmetleri kapsam\u0131nda, gemi enkazlar\u0131n\u0131n kald\u0131r\u0131lmas\u0131, \u00e7evrenin temizlenmesi, arama kurtarma faaliyetleri gibi hizmetler sunar. Deneyimli personeli ve modern ekipmanlar\u0131 ile, enkaz kurtarma i\u015flemlerini h\u0131zl\u0131 ve g\u00fcvenli bir \u015fekilde ger\u00e7ekle\u015ftirir.<\/p>\n<p>Dal\u0131\u015f hizmetleri, denizcilik sekt\u00f6r\u00fcnde kurtarma ve enkaz kurtarma i\u015flemlerinde de \u00f6nemli bir rol oynar. PGE Tugs, deneyimli dalg\u0131\u00e7lar\u0131 ve modern dal\u0131\u015f ekipmanlar\u0131 ile, su alt\u0131nda ger\u00e7ekle\u015ftirilen arama, kurtarma ve inceleme i\u015flemlerinde m\u00fc\u015fterilerine destek verir. Ayr\u0131ca, deniz alt\u0131ndaki yap\u0131lar\u0131n tamir ve bak\u0131m i\u015flemleri i\u00e7in de dal\u0131\u015f hizmetleri sunar.<\/p>\n<p>PGE Tugs, deneyimli personeli, modern ekipmanlar\u0131 ve kapsaml\u0131 hizmetleri ile kurtarma, enkaz kurtarma ve dal\u0131\u015f hizmetleri sunarak, m\u00fc\u015fterilerinin ihtiya\u00e7lar\u0131na \u00f6zel \u00e7\u00f6z\u00fcmler sunar. Her t\u00fcrl\u00fc acil durumda, h\u0131zl\u0131 ve g\u00fcvenilir bir \u015fekilde m\u00fcdahale ederek, denizcilik sekt\u00f6r\u00fcne katma de\u011fer sa\u011flar.<\/p>\n\t\t\t\t\t\t\t<img decoding=\"async\" src=\"https:\/\/pgetugs.com\/wp-content\/plugins\/beaver-builder-lite-version\/img\/pixel.png\" alt=\"\" itemprop=\"image\" onerror=\"this.style.display='none'\"  \/>\n\n<\/div><!-- .vgblk-rw-wrapper -->","protected":false},"excerpt":{"rendered":"<p>Kurtarma, Enkaz Kurtarma ve Dal\u0131\u015f Hizmetleri Denizcilik sekt\u00f6r\u00fcnde, gemi kazalar\u0131, do\u011fal afetler veya benzeri sebeplerden kaynaklanan acil durumlarda, kurtarma, enkaz kurtarma ve dal\u0131\u015f hizmetleri b\u00fcy\u00fck bir \u00f6nem ta\u015f\u0131r. Bu hizmetler, gemi ve m\u00fcrettebat\u0131n\u0131n g\u00fcvenli\u011fi a\u00e7\u0131s\u0131ndan kritik bir rol oynar. PGE Tugs, deneyimli personeli ve modern ekipmanlar\u0131 ile kurtarma, enkaz kurtarma ve dal\u0131\u015f hizmetleri sunmaktad\u0131r. PGE&#8230;<\/p>\n","protected":false},"author":1,"featured_media":0,"parent":0,"menu_order":0,"comment_status":"closed","ping_status":"closed","template":"","meta":{"_monsterinsights_skip_tracking":false,"_monsterinsights_sitenote_active":false,"_monsterinsights_sitenote_note":"","_monsterinsights_sitenote_category":0,"_joinchat":[],"footnotes":""},"class_list":["post-988545","page","type-page","status-publish","hentry"],"jetpack_sharing_enabled":true,"_links":{"self":[{"href":"https:\/\/pgetugs.com\/tr\/wp-json\/wp\/v2\/pages\/988545","targetHints":{"allow":["GET"]}}],"collection":[{"href":"https:\/\/pgetugs.com\/tr\/wp-json\/wp\/v2\/pages"}],"about":[{"href":"https:\/\/pgetugs.com\/tr\/wp-json\/wp\/v2\/types\/page"}],"author":[{"embeddable":true,"href":"https:\/\/pgetugs.com\/tr\/wp-json\/wp\/v2\/users\/1"}],"replies":[{"embeddable":true,"href":"https:\/\/pgetugs.com\/tr\/wp-json\/wp\/v2\/comments?post=988545"}],"version-history":[{"count":2,"href":"https:\/\/pgetugs.com\/tr\/wp-json\/wp\/v2\/pages\/988545\/revisions"}],"predecessor-version":[{"id":988548,"href":"https:\/\/pgetugs.com\/tr\/wp-json\/wp\/v2\/pages\/988545\/revisions\/988548"}],"wp:attachment":[{"href":"https:\/\/pgetugs.com\/tr\/wp-json\/wp\/v2\/media?parent=988545"}],"curies":[{"name":"wp","href":"https:\/\/api.w.org\/{rel}","templated":true}]}}