{"id":989698,"date":"2024-03-13T11:23:07","date_gmt":"2024-03-13T11:23:07","guid":{"rendered":"https:\/\/pgetugs.com\/?page_id=989698"},"modified":"2024-09-06T16:22:05","modified_gmt":"2024-09-06T13:22:05","slug":"m-tug-ayaz-bey-tugboat-services-romorkor-hizmetleri","status":"publish","type":"page","link":"https:\/\/pgetugs.com\/tr\/m-tug-ayaz-bey-tugboat-services-romorkor-hizmetleri\/","title":{"rendered":"M\/Tug Ayaz Bey \u2013 Tugboat Services \/ R\u00f6mork\u00f6r Hizmetleri"},"content":{"rendered":"<div class=\"vgblk-rw-wrapper limit-wrapper\">\n<h2>\n\t\tM\/Tug Ayaz Bey\n\t<\/h2>\n<table>\n<tbody>\n<tr><!-- Burada y\u00fcksekli\u011fi px olarak ayarlayabilirsiniz -->\n<th><strong>R\u00f6mork\u00f6r Ad\u0131<\/strong><\/th>\n<td>Ayaz Bey<\/td>\n<\/tr>\n<tr>\n<th>IMO<\/th>\n<td>7531670<\/td>\n<\/tr>\n<tr>\n<th>MMSI<\/th>\n<td>271010112<\/td>\n<\/tr>\n<tr>\n<th>Bayrak<\/th>\n<td>T\u00fcrkiye<\/td>\n<\/tr>\n<tr>\n<th>Br\u00fct Tonaj<\/th>\n<td>317 Ton<\/td>\n<\/tr>\n<tr>\n<th>Net Tonaj<\/th>\n<td>95 Ton<\/td>\n<\/tr>\n<tr>\n<th>Tam Boy<\/th>\n<td>36,23 m<\/td>\n<\/tr>\n<tr>\n<th>K\u00fct\u00fck Eni<\/th>\n<td>8,9 m<\/td>\n<\/tr>\n<tr>\n<th>Yap\u0131m Y\u0131l\u0131<\/th>\n<td>1981<\/td>\n<\/tr>\n<tr>\n<th>\u00c7ekme G\u00fcc\u00fc<\/th>\n<td>30 Ton<\/td>\n<\/tr>\n<tr>\n<th>Ana Makine \/ Markas\u0131<\/th>\n<td>B &amp; W ALPHA<\/td>\n<\/tr>\n<tr>\n<th>Tipi<\/th>\n<td>16V23LO<\/td>\n<\/tr>\n<tr>\n<th>Motor G\u00fcc\u00fc<\/th>\n<td>2482 BHP<\/td>\n<\/tr>\n<\/tbody>\n<\/table>\n\t\t\t\t\t\t\t<img loading=\"lazy\" decoding=\"async\" src=\"https:\/\/pgetugs.com\/wp-content\/uploads\/2024\/09\/1.jpg\" alt=\"1\" itemprop=\"image\" height=\"842\" width=\"595\" title=\"1\" onerror=\"this.style.display='none'\" srcset=\"https:\/\/pgetugs.com\/wp-content\/uploads\/2024\/09\/1.jpg 595w, https:\/\/pgetugs.com\/wp-content\/uploads\/2024\/09\/1-212x300.jpg 212w, https:\/\/pgetugs.com\/wp-content\/uploads\/2024\/09\/1-8x12.jpg 8w, https:\/\/pgetugs.com\/wp-content\/uploads\/2024\/09\/1-420x594.jpg 420w, https:\/\/pgetugs.com\/wp-content\/uploads\/2024\/09\/1-315x446.jpg 315w\" sizes=\"auto, (max-width: 595px) 100vw, 595px\" \/>\t\t\t\t\t\t\t\n\t\t\t\t<a href=\"https:\/\/pgetugs.com\/wp-content\/uploads\/2024\/08\/Ayaz-Bey-Ship-Particular-1.pdf\" target=\"_blank\" rel=\"noopener\" itemprop=\"url\" title=\"Ayaz Bey - Ship Particular-images-0\">\n\t\t\t\t\t\t\t<img loading=\"lazy\" decoding=\"async\" src=\"https:\/\/pgetugs.com\/wp-content\/uploads\/2024\/08\/Ayaz-Bey-Ship-Particular-images-0-scaled.jpg\" alt=\"Ayaz Bey - Ship Particular-images-0\" itemprop=\"image\" height=\"2560\" width=\"1811\" data-link-type=\"url\" title=\"Ayaz Bey - Ship Particular-images-0\" onerror=\"this.style.display='none'\" srcset=\"https:\/\/pgetugs.com\/wp-content\/uploads\/2024\/08\/Ayaz-Bey-Ship-Particular-images-0-scaled.jpg 1811w, https:\/\/pgetugs.com\/wp-content\/uploads\/2024\/08\/Ayaz-Bey-Ship-Particular-images-0-212x300.jpg 212w, https:\/\/pgetugs.com\/wp-content\/uploads\/2024\/08\/Ayaz-Bey-Ship-Particular-images-0-724x1024.jpg 724w, https:\/\/pgetugs.com\/wp-content\/uploads\/2024\/08\/Ayaz-Bey-Ship-Particular-images-0-768x1086.jpg 768w, https:\/\/pgetugs.com\/wp-content\/uploads\/2024\/08\/Ayaz-Bey-Ship-Particular-images-0-1086x1536.jpg 1086w, https:\/\/pgetugs.com\/wp-content\/uploads\/2024\/08\/Ayaz-Bey-Ship-Particular-images-0-1448x2048.jpg 1448w, https:\/\/pgetugs.com\/wp-content\/uploads\/2024\/08\/Ayaz-Bey-Ship-Particular-images-0-8x12.jpg 8w, https:\/\/pgetugs.com\/wp-content\/uploads\/2024\/08\/Ayaz-Bey-Ship-Particular-images-0-1260x1782.jpg 1260w, https:\/\/pgetugs.com\/wp-content\/uploads\/2024\/08\/Ayaz-Bey-Ship-Particular-images-0-630x891.jpg 630w, https:\/\/pgetugs.com\/wp-content\/uploads\/2024\/08\/Ayaz-Bey-Ship-Particular-images-0-420x594.jpg 420w, https:\/\/pgetugs.com\/wp-content\/uploads\/2024\/08\/Ayaz-Bey-Ship-Particular-images-0-840x1188.jpg 840w, https:\/\/pgetugs.com\/wp-content\/uploads\/2024\/08\/Ayaz-Bey-Ship-Particular-images-0-315x445.jpg 315w\" sizes=\"auto, (max-width: 1811px) 100vw, 1811px\" \/>\t\t\t\t\t\t<\/a>\n<h4><strong>Ayaz Bey&#8217;in 2022 ve sonras\u0131 verileri<br \/>\n<\/strong><\/h4>\n\t\t\t11,556\n<h5>\n\tAld\u0131\u011f\u0131m\u0131z Mil\n\t<\/h5>\n\t\t\t69\n<h5>\n\tOperasyon\n\t<\/h5>\n\t\t\t2,122\n<h5>\n\tSaat Refakat\n\t<\/h5>\n\t\t<!-- CSS Part Start From Here-->\n\t<style>\n\t\t.all-images {\n\t\t\tpadding-top: 10px !important;\n\t\t\tpadding-bottom: 15px !important;\n\t\t}\n\n\t\t#image_gallery_989911 .thumbnail {\n\t\t\twidth: 100% !important;\n\t\t\theight: auto !important;\n\t\t\tborder-radius: 0px;\n\t\t\t\/*background: transparent url('https:\/\/pgetugs.com\/wp-content\/plugins\/new-image-gallery\/include\/assets\/img\/loading.gif') center no-repeat !important;*\/\n\t\t\tmargin-bottom: 20px !important;\n\t\t}\n\n\t\t\t\t.item-title {\n\t\t\tbackground-color: rgba(0, 0, 0, 0.5);\n\t\t\tbottom: 45px;\n\t\t\tcolor: #FFFFFF;\n\t\t\tdisplay: block;\n\t\t\tfont-weight: 300;\n\t\t\tleft: 2rem;\n\t\t\tpadding: 8px;\n\t\t\tposition: absolute;\n\t\t\tright: 2rem;\n\t\t\ttext-align: center;\n\t\t\ttext-transform: capitalize;\n\t\t}\n\n\t\t\t<\/style>\n\t\t<div id=\"image_gallery_989911\" class=\"row all-images-989911\">\n\t\t\t\t\t\t\t<div class=\"single-image-989911 col-lg-3 col-md-3 col-sm-4 col-xs-6\">\n\t\t\t\t\t\t<a href=\"https:\/\/pgetugs.com\/wp-content\/uploads\/2024\/04\/8.jpg\" data-lightbox=\"lightbox-989911\" data-gallery=\"gallery-989911\" data-title=\"8\">\n\t\t\t\t\t\t\t<img decoding=\"async\" class=\"thumbnail hvr-glow\" src=\"https:\/\/pgetugs.com\/wp-content\/uploads\/2024\/04\/8.jpg\" alt=\"8\" title=\"8\">\n\t\t\t\t\t\t\t\t\t\t\t\t\t<\/a>\n\t\t\t\t\t<\/div>\n\t\t\t\t\t\t\t\t\t\t<div class=\"single-image-989911 col-lg-3 col-md-3 col-sm-4 col-xs-6\">\n\t\t\t\t\t\t<a href=\"https:\/\/pgetugs.com\/wp-content\/uploads\/2024\/04\/6.png\" data-lightbox=\"lightbox-989911\" data-gallery=\"gallery-989911\" data-title=\"6\">\n\t\t\t\t\t\t\t<img decoding=\"async\" class=\"thumbnail hvr-glow\" src=\"https:\/\/pgetugs.com\/wp-content\/uploads\/2024\/04\/6.png\" alt=\"6\" title=\"6\">\n\t\t\t\t\t\t\t\t\t\t\t\t\t<\/a>\n\t\t\t\t\t<\/div>\n\t\t\t\t\t\t\t\t\t\t<div class=\"single-image-989911 col-lg-3 col-md-3 col-sm-4 col-xs-6\">\n\t\t\t\t\t\t<a href=\"https:\/\/pgetugs.com\/wp-content\/uploads\/2024\/04\/3.png\" data-lightbox=\"lightbox-989911\" data-gallery=\"gallery-989911\" data-title=\"3\">\n\t\t\t\t\t\t\t<img decoding=\"async\" class=\"thumbnail hvr-glow\" src=\"https:\/\/pgetugs.com\/wp-content\/uploads\/2024\/04\/3.png\" alt=\"3\" title=\"3\">\n\t\t\t\t\t\t\t\t\t\t\t\t\t<\/a>\n\t\t\t\t\t<\/div>\n\t\t\t\t\t\t\t\t\t\t<div class=\"single-image-989911 col-lg-3 col-md-3 col-sm-4 col-xs-6\">\n\t\t\t\t\t\t<a href=\"https:\/\/pgetugs.com\/wp-content\/uploads\/2024\/04\/2.png\" data-lightbox=\"lightbox-989911\" data-gallery=\"gallery-989911\" data-title=\"2\">\n\t\t\t\t\t\t\t<img decoding=\"async\" class=\"thumbnail hvr-glow\" src=\"https:\/\/pgetugs.com\/wp-content\/uploads\/2024\/04\/2.png\" alt=\"2\" title=\"2\">\n\t\t\t\t\t\t\t\t\t\t\t\t\t<\/a>\n\t\t\t\t\t<\/div>\n\t\t\t\t\t\t\t\t\t\t<div class=\"single-image-989911 col-lg-3 col-md-3 col-sm-4 col-xs-6\">\n\t\t\t\t\t\t<a href=\"https:\/\/pgetugs.com\/wp-content\/uploads\/2024\/04\/7.png\" data-lightbox=\"lightbox-989911\" data-gallery=\"gallery-989911\" data-title=\"7\">\n\t\t\t\t\t\t\t<img decoding=\"async\" class=\"thumbnail hvr-glow\" src=\"https:\/\/pgetugs.com\/wp-content\/uploads\/2024\/04\/7.png\" alt=\"7\" title=\"7\">\n\t\t\t\t\t\t\t\t\t\t\t\t\t<\/a>\n\t\t\t\t\t<\/div>\n\t\t\t\t\t\t\t\t\t\t<div class=\"single-image-989911 col-lg-3 col-md-3 col-sm-4 col-xs-6\">\n\t\t\t\t\t\t<a href=\"https:\/\/pgetugs.com\/wp-content\/uploads\/2024\/04\/5.png\" data-lightbox=\"lightbox-989911\" data-gallery=\"gallery-989911\" data-title=\"5\">\n\t\t\t\t\t\t\t<img decoding=\"async\" class=\"thumbnail hvr-glow\" src=\"https:\/\/pgetugs.com\/wp-content\/uploads\/2024\/04\/5.png\" alt=\"5\" title=\"5\">\n\t\t\t\t\t\t\t\t\t\t\t\t\t<\/a>\n\t\t\t\t\t<\/div>\n\t\t\t\t\t\t\t\t\t\t<div class=\"single-image-989911 col-lg-3 col-md-3 col-sm-4 col-xs-6\">\n\t\t\t\t\t\t<a href=\"https:\/\/pgetugs.com\/wp-content\/uploads\/2024\/04\/4.png\" data-lightbox=\"lightbox-989911\" data-gallery=\"gallery-989911\" data-title=\"4\">\n\t\t\t\t\t\t\t<img decoding=\"async\" class=\"thumbnail hvr-glow\" src=\"https:\/\/pgetugs.com\/wp-content\/uploads\/2024\/04\/4.png\" alt=\"4\" title=\"4\">\n\t\t\t\t\t\t\t\t\t\t\t\t\t<\/a>\n\t\t\t\t\t<\/div>\n\t\t\t\t\t\t\t\t\t\t<div class=\"single-image-989911 col-lg-3 col-md-3 col-sm-4 col-xs-6\">\n\t\t\t\t\t\t<a href=\"https:\/\/pgetugs.com\/wp-content\/uploads\/2024\/04\/1.png\" data-lightbox=\"lightbox-989911\" data-gallery=\"gallery-989911\" data-title=\"1\">\n\t\t\t\t\t\t\t<img decoding=\"async\" class=\"thumbnail hvr-glow\" src=\"https:\/\/pgetugs.com\/wp-content\/uploads\/2024\/04\/1.png\" alt=\"1\" title=\"1\">\n\t\t\t\t\t\t\t\t\t\t\t\t\t<\/a>\n\t\t\t\t\t<\/div>\n\t\t\t\t\t\t<\/div>\n\t<script>\njQuery(document).ready(function () {\n\t\/\/ Method 1 - Initialize Isotope, then trigger layout after each image loads.\n\tvar $grid = jQuery('.all-images-989911').isotope({\n\t\t\/\/ options...\n\t\titemSelector: '.single-image-989911',\n\t});\n\t\/\/ layout Isotope after each image loads\n\t$grid.imagesLoaded().progress( function() {\n\t\t$grid.isotope('layout');\n\t});\n\t\n\t\n\tlightbox.option({\n\t  'wrapAround': false,\n\t})\n\t\n\tjQuery(document).on('click', '[data-toggle=\"lightbox-989911\"]', function(event) {\n\t\tevent.preventDefault();\n\t\tjQuery(this).ekkoLightbox();\n\t});\n});\n<\/script>\n\n\n<\/div><!-- .vgblk-rw-wrapper -->","protected":false},"excerpt":{"rendered":"","protected":false},"author":1,"featured_media":0,"parent":0,"menu_order":0,"comment_status":"closed","ping_status":"closed","template":"","meta":{"_monsterinsights_skip_tracking":false,"_monsterinsights_sitenote_active":false,"_monsterinsights_sitenote_note":"","_monsterinsights_sitenote_category":0,"_joinchat":[],"footnotes":""},"class_list":["post-989698","page","type-page","status-publish","hentry"],"jetpack_sharing_enabled":true,"_links":{"self":[{"href":"https:\/\/pgetugs.com\/tr\/wp-json\/wp\/v2\/pages\/989698","targetHints":{"allow":["GET"]}}],"collection":[{"href":"https:\/\/pgetugs.com\/tr\/wp-json\/wp\/v2\/pages"}],"about":[{"href":"https:\/\/pgetugs.com\/tr\/wp-json\/wp\/v2\/types\/page"}],"author":[{"embeddable":true,"href":"https:\/\/pgetugs.com\/tr\/wp-json\/wp\/v2\/users\/1"}],"replies":[{"embeddable":true,"href":"https:\/\/pgetugs.com\/tr\/wp-json\/wp\/v2\/comments?post=989698"}],"version-history":[{"count":37,"href":"https:\/\/pgetugs.com\/tr\/wp-json\/wp\/v2\/pages\/989698\/revisions"}],"predecessor-version":[{"id":990800,"href":"https:\/\/pgetugs.com\/tr\/wp-json\/wp\/v2\/pages\/989698\/revisions\/990800"}],"wp:attachment":[{"href":"https:\/\/pgetugs.com\/tr\/wp-json\/wp\/v2\/media?parent=989698"}],"curies":[{"name":"wp","href":"https:\/\/api.w.org\/{rel}","templated":true}]}}