{"id":989699,"date":"2024-03-13T11:25:58","date_gmt":"2024-03-13T11:25:58","guid":{"rendered":"https:\/\/pgetugs.com\/?page_id=989699"},"modified":"2024-11-10T21:00:00","modified_gmt":"2024-11-10T18:00:00","slug":"m-tug-timur-bey-tugboat-services-romorkor-hizmetleri","status":"publish","type":"page","link":"https:\/\/pgetugs.com\/tr\/m-tug-timur-bey-tugboat-services-romorkor-hizmetleri\/","title":{"rendered":"M\/Tug Timur Bey \u2013 Tugboat Services \/ R\u00f6mork\u00f6r Hizmetleri"},"content":{"rendered":"<div class=\"vgblk-rw-wrapper limit-wrapper\">\n<h2>\n\t\tM\/Tug Timur Bey\n\t<\/h2>\n<table>\n<tbody>\n<tr><!-- Burada y\u00fcksekli\u011fi px olarak ayarlayabilirsiniz -->\n<th><strong>R\u00f6mork\u00f6r Ad\u0131<\/strong><\/th>\n<td>Timur Bey<\/td>\n<\/tr>\n<tr>\n<th>IMO<\/th>\n<td>8655576<\/td>\n<\/tr>\n<tr>\n<th>MMSI<\/th>\n<td>271073016<\/td>\n<\/tr>\n<tr>\n<th>Bayrak<\/th>\n<td>T\u00fcrkiye<\/td>\n<\/tr>\n<tr>\n<th>Br\u00fct Tonaj<\/th>\n<td>123.18 Ton<\/td>\n<\/tr>\n<tr>\n<th>Net Tonaj<\/th>\n<td>70,64 Ton<\/td>\n<\/tr>\n<tr>\n<th>Tam Boy<\/th>\n<td>25,10 m<\/td>\n<\/tr>\n<tr>\n<th>K\u00fct\u00fck Eni<\/th>\n<td>7 m<\/td>\n<\/tr>\n<tr>\n<th>Yap\u0131m Y\u0131l\u0131<\/th>\n<td>2007<\/td>\n<\/tr>\n<tr>\n<th>\u00c7ekme G\u00fcc\u00fc<\/th>\n<td>17 Ton<\/td>\n<\/tr>\n<tr>\n<th>Ana Makine \/ Markas\u0131<\/th>\n<td>BAUDOUING<\/td>\n<\/tr>\n<tr>\n<th>Tipi<\/th>\n<td>12M26SR<\/td>\n<\/tr>\n<tr>\n<th>Motor G\u00fcc\u00fc<\/th>\n<td>900 BHP<\/td>\n<\/tr>\n<\/tbody>\n<\/table>\n\t\t\t\t\t\t\t<img loading=\"lazy\" decoding=\"async\" src=\"https:\/\/pgetugs.com\/wp-content\/uploads\/2024\/09\/Timur-Bey-1.jpg\" alt=\"Timur-Bey\" itemprop=\"image\" height=\"842\" width=\"595\" title=\"Timur-Bey\" onerror=\"this.style.display='none'\" srcset=\"https:\/\/pgetugs.com\/wp-content\/uploads\/2024\/09\/Timur-Bey-1.jpg 595w, https:\/\/pgetugs.com\/wp-content\/uploads\/2024\/09\/Timur-Bey-1-212x300.jpg 212w, https:\/\/pgetugs.com\/wp-content\/uploads\/2024\/09\/Timur-Bey-1-8x12.jpg 8w, https:\/\/pgetugs.com\/wp-content\/uploads\/2024\/09\/Timur-Bey-1-420x594.jpg 420w, https:\/\/pgetugs.com\/wp-content\/uploads\/2024\/09\/Timur-Bey-1-315x446.jpg 315w\" sizes=\"auto, (max-width: 595px) 100vw, 595px\" \/>\t\t\t\t\t\t\t\n\t\t\t\t<a href=\"https:\/\/pgetugs.com\/wp-content\/uploads\/2024\/08\/Timur-Bey-Ship-Particular-1.pdf\" target=\"_blank\" rel=\"noopener\" itemprop=\"url\" title=\"Timur Bey - Ship Particular_page-0001\">\n\t\t\t\t\t\t\t<img loading=\"lazy\" decoding=\"async\" src=\"https:\/\/pgetugs.com\/wp-content\/uploads\/2024\/08\/Timur-Bey-Ship-Particular_page-0001-1.jpg\" alt=\"Timur Bey - Ship Particular_page-0001\" itemprop=\"image\" height=\"1754\" width=\"1241\" data-link-type=\"url\" title=\"Timur Bey - Ship Particular_page-0001\" onerror=\"this.style.display='none'\" srcset=\"https:\/\/pgetugs.com\/wp-content\/uploads\/2024\/08\/Timur-Bey-Ship-Particular_page-0001-1.jpg 1241w, https:\/\/pgetugs.com\/wp-content\/uploads\/2024\/08\/Timur-Bey-Ship-Particular_page-0001-1-212x300.jpg 212w, https:\/\/pgetugs.com\/wp-content\/uploads\/2024\/08\/Timur-Bey-Ship-Particular_page-0001-1-725x1024.jpg 725w, https:\/\/pgetugs.com\/wp-content\/uploads\/2024\/08\/Timur-Bey-Ship-Particular_page-0001-1-768x1085.jpg 768w, https:\/\/pgetugs.com\/wp-content\/uploads\/2024\/08\/Timur-Bey-Ship-Particular_page-0001-1-1087x1536.jpg 1087w, https:\/\/pgetugs.com\/wp-content\/uploads\/2024\/08\/Timur-Bey-Ship-Particular_page-0001-1-8x12.jpg 8w, https:\/\/pgetugs.com\/wp-content\/uploads\/2024\/08\/Timur-Bey-Ship-Particular_page-0001-1-630x890.jpg 630w, https:\/\/pgetugs.com\/wp-content\/uploads\/2024\/08\/Timur-Bey-Ship-Particular_page-0001-1-420x594.jpg 420w, https:\/\/pgetugs.com\/wp-content\/uploads\/2024\/08\/Timur-Bey-Ship-Particular_page-0001-1-840x1187.jpg 840w, https:\/\/pgetugs.com\/wp-content\/uploads\/2024\/08\/Timur-Bey-Ship-Particular_page-0001-1-315x445.jpg 315w\" sizes=\"auto, (max-width: 1241px) 100vw, 1241px\" \/>\t\t\t\t\t\t<\/a>\n\t\t\t\t\t\t\t<img decoding=\"async\" src=\"https:\/\/pgetugs.com\/wp-content\/plugins\/beaver-builder-lite-version\/img\/pixel.png\" alt=\"\" itemprop=\"image\" onerror=\"this.style.display='none'\"  \/>\n<h4><strong>Timur Bey&#8217;in 2022 ve sonras\u0131 verileri<br \/>\n<\/strong><\/h4>\n\t\t\t12,582\n<h5>\n\tAld\u0131\u011f\u0131m\u0131z Mil\n\t<\/h5>\n\t\t\t56\n<h5>\n\tOperasyon\n\t<\/h5>\n\t\t\t2,028\n<h5>\n\tSaat Refakat\n\t<\/h5>\n\n<\/div><!-- .vgblk-rw-wrapper -->","protected":false},"excerpt":{"rendered":"<p>M\/Tug Timur Bey R\u00f6mork\u00f6r Ad\u0131 Timur Bey IMO 8655576 MMSI 271073016 Bayrak T\u00fcrkiye Br\u00fct Tonaj 123.18 Ton Net Tonaj 70,64 Ton Tam Boy 25,10 m K\u00fct\u00fck Eni 7 m Yap\u0131m Y\u0131l\u0131 2007 \u00c7ekme G\u00fcc\u00fc 17 Ton Ana Makine \/ Markas\u0131 BAUDOUING Tipi 12M26SR Motor G\u00fcc\u00fc 900 BHP Timur Bey&#8217;in 2022 ve sonras\u0131 verileri 12,582 Ald\u0131\u011f\u0131m\u0131z&#8230;<\/p>\n","protected":false},"author":1,"featured_media":0,"parent":0,"menu_order":0,"comment_status":"closed","ping_status":"closed","template":"","meta":{"_monsterinsights_skip_tracking":false,"_monsterinsights_sitenote_active":false,"_monsterinsights_sitenote_note":"","_monsterinsights_sitenote_category":0,"_joinchat":[],"footnotes":""},"class_list":["post-989699","page","type-page","status-publish","hentry"],"jetpack_sharing_enabled":true,"_links":{"self":[{"href":"https:\/\/pgetugs.com\/tr\/wp-json\/wp\/v2\/pages\/989699","targetHints":{"allow":["GET"]}}],"collection":[{"href":"https:\/\/pgetugs.com\/tr\/wp-json\/wp\/v2\/pages"}],"about":[{"href":"https:\/\/pgetugs.com\/tr\/wp-json\/wp\/v2\/types\/page"}],"author":[{"embeddable":true,"href":"https:\/\/pgetugs.com\/tr\/wp-json\/wp\/v2\/users\/1"}],"replies":[{"embeddable":true,"href":"https:\/\/pgetugs.com\/tr\/wp-json\/wp\/v2\/comments?post=989699"}],"version-history":[{"count":43,"href":"https:\/\/pgetugs.com\/tr\/wp-json\/wp\/v2\/pages\/989699\/revisions"}],"predecessor-version":[{"id":990834,"href":"https:\/\/pgetugs.com\/tr\/wp-json\/wp\/v2\/pages\/989699\/revisions\/990834"}],"wp:attachment":[{"href":"https:\/\/pgetugs.com\/tr\/wp-json\/wp\/v2\/media?parent=989699"}],"curies":[{"name":"wp","href":"https:\/\/api.w.org\/{rel}","templated":true}]}}