{"id":989701,"date":"2024-03-13T11:23:43","date_gmt":"2024-03-13T11:23:43","guid":{"rendered":"https:\/\/pgetugs.com\/?page_id=989701"},"modified":"2024-11-10T21:00:46","modified_gmt":"2024-11-10T18:00:46","slug":"m-tug-serhat-bey-1-tugboat-services-romorkor-hizmetleri","status":"publish","type":"page","link":"https:\/\/pgetugs.com\/tr\/m-tug-serhat-bey-1-tugboat-services-romorkor-hizmetleri\/","title":{"rendered":"M\/Tug Serhat Bey 1 \u2013 Tugboat Services \/ R\u00f6mork\u00f6r Hizmetleri"},"content":{"rendered":"<div class=\"vgblk-rw-wrapper limit-wrapper\">\n<h2>\n\t\tM\/Tug Serhat Bey 1\n\t<\/h2>\n<table>\n<tbody>\n<tr><!-- Burada y\u00fcksekli\u011fi px olarak ayarlayabilirsiniz -->\n<th><strong>R\u00f6mork\u00f6r Ad\u0131<\/strong><\/th>\n<td>Serhat Bey 1<\/td>\n<\/tr>\n<tr>\n<th>IMO<\/th>\n<td>&#8212;<\/td>\n<\/tr>\n<tr>\n<th>MMSI<\/th>\n<td>271043466<\/td>\n<\/tr>\n<tr>\n<th>Bayrak<\/th>\n<td>T\u00fcrkiye<\/td>\n<\/tr>\n<tr>\n<th>Br\u00fct Tonaj<\/th>\n<td>98 Ton<\/td>\n<\/tr>\n<tr>\n<th>Net Tonaj<\/th>\n<td>29 Ton<\/td>\n<\/tr>\n<tr>\n<th>Tam Boy<\/th>\n<td>20,5 m<\/td>\n<\/tr>\n<tr>\n<th>K\u00fct\u00fck Eni<\/th>\n<td>6,2 m<\/td>\n<\/tr>\n<tr>\n<th>Yap\u0131m Y\u0131l\u0131<\/th>\n<td>2013<\/td>\n<\/tr>\n<tr>\n<th>\u00c7ekme G\u00fcc\u00fc<\/th>\n<td>25 Ton<\/td>\n<\/tr>\n<tr>\n<th>Ana Makine \/ Markas\u0131<\/th>\n<td>WEICHAI X2<\/td>\n<\/tr>\n<tr>\n<th>Tipi<\/th>\n<td>X6170ZC818-5<\/td>\n<\/tr>\n<tr>\n<th>Motor G\u00fcc\u00fc<\/th>\n<td>806 BHP X2<\/td>\n<\/tr>\n<\/tbody>\n<\/table>\n\t\t\t\t\t\t\t<img loading=\"lazy\" decoding=\"async\" src=\"https:\/\/pgetugs.com\/wp-content\/uploads\/2024\/09\/1-3.jpg\" alt=\"1\" itemprop=\"image\" height=\"842\" width=\"595\" title=\"1\" onerror=\"this.style.display='none'\" srcset=\"https:\/\/pgetugs.com\/wp-content\/uploads\/2024\/09\/1-3.jpg 595w, https:\/\/pgetugs.com\/wp-content\/uploads\/2024\/09\/1-3-212x300.jpg 212w, https:\/\/pgetugs.com\/wp-content\/uploads\/2024\/09\/1-3-8x12.jpg 8w, https:\/\/pgetugs.com\/wp-content\/uploads\/2024\/09\/1-3-420x594.jpg 420w, https:\/\/pgetugs.com\/wp-content\/uploads\/2024\/09\/1-3-315x446.jpg 315w\" sizes=\"auto, (max-width: 595px) 100vw, 595px\" \/>\t\t\t\t\t\t\t\n\t\t\t\t<a href=\"https:\/\/pgetugs.com\/wp-content\/uploads\/2024\/08\/Serhat-Bey-1-Ship-Particular-1.pdf\" target=\"_blank\" rel=\"noopener\" itemprop=\"url\" title=\"Serhat Bey 1 - Ship Particular_page-0001\">\n\t\t\t\t\t\t\t<img loading=\"lazy\" decoding=\"async\" src=\"https:\/\/pgetugs.com\/wp-content\/uploads\/2024\/08\/Serhat-Bey-1-Ship-Particular_page-0001-1.jpg\" alt=\"Serhat Bey 1 - Ship Particular_page-0001\" itemprop=\"image\" height=\"1754\" width=\"1241\" data-link-type=\"url\" title=\"Serhat Bey 1 - Ship Particular_page-0001\" onerror=\"this.style.display='none'\" srcset=\"https:\/\/pgetugs.com\/wp-content\/uploads\/2024\/08\/Serhat-Bey-1-Ship-Particular_page-0001-1.jpg 1241w, https:\/\/pgetugs.com\/wp-content\/uploads\/2024\/08\/Serhat-Bey-1-Ship-Particular_page-0001-1-212x300.jpg 212w, https:\/\/pgetugs.com\/wp-content\/uploads\/2024\/08\/Serhat-Bey-1-Ship-Particular_page-0001-1-725x1024.jpg 725w, https:\/\/pgetugs.com\/wp-content\/uploads\/2024\/08\/Serhat-Bey-1-Ship-Particular_page-0001-1-768x1085.jpg 768w, https:\/\/pgetugs.com\/wp-content\/uploads\/2024\/08\/Serhat-Bey-1-Ship-Particular_page-0001-1-1087x1536.jpg 1087w, https:\/\/pgetugs.com\/wp-content\/uploads\/2024\/08\/Serhat-Bey-1-Ship-Particular_page-0001-1-8x12.jpg 8w, https:\/\/pgetugs.com\/wp-content\/uploads\/2024\/08\/Serhat-Bey-1-Ship-Particular_page-0001-1-630x890.jpg 630w, https:\/\/pgetugs.com\/wp-content\/uploads\/2024\/08\/Serhat-Bey-1-Ship-Particular_page-0001-1-420x594.jpg 420w, https:\/\/pgetugs.com\/wp-content\/uploads\/2024\/08\/Serhat-Bey-1-Ship-Particular_page-0001-1-840x1187.jpg 840w, https:\/\/pgetugs.com\/wp-content\/uploads\/2024\/08\/Serhat-Bey-1-Ship-Particular_page-0001-1-315x445.jpg 315w\" sizes=\"auto, (max-width: 1241px) 100vw, 1241px\" \/>\t\t\t\t\t\t<\/a>\n<h4><strong>Serhat Bey 1&#8217;in 2023 ve sonras\u0131 verileri<br \/>\n<\/strong><\/h4>\n\t\t\t65\n<h5>\n\tAld\u0131\u011f\u0131m\u0131z Mil\n\t<\/h5>\n\t\t\t4\n<h5>\n\tOperasyon\n\t<\/h5>\n\t\t\t50\n<h5>\n\tSaat Refakat\n\t<\/h5>\n\n<\/div><!-- .vgblk-rw-wrapper -->","protected":false},"excerpt":{"rendered":"<p>M\/Tug Serhat Bey 1 R\u00f6mork\u00f6r Ad\u0131 Serhat Bey 1 IMO &#8212; MMSI 271043466 Bayrak T\u00fcrkiye Br\u00fct Tonaj 98 Ton Net Tonaj 29 Ton Tam Boy 20,5 m K\u00fct\u00fck Eni 6,2 m Yap\u0131m Y\u0131l\u0131 2013 \u00c7ekme G\u00fcc\u00fc 25 Ton Ana Makine \/ Markas\u0131 WEICHAI X2 Tipi X6170ZC818-5 Motor G\u00fcc\u00fc 806 BHP X2 Serhat Bey 1&#8217;in 2023&#8230;<\/p>\n","protected":false},"author":1,"featured_media":0,"parent":0,"menu_order":0,"comment_status":"closed","ping_status":"closed","template":"","meta":{"_monsterinsights_skip_tracking":false,"_monsterinsights_sitenote_active":false,"_monsterinsights_sitenote_note":"","_monsterinsights_sitenote_category":0,"_joinchat":[],"footnotes":""},"class_list":["post-989701","page","type-page","status-publish","hentry"],"jetpack_sharing_enabled":true,"_links":{"self":[{"href":"https:\/\/pgetugs.com\/tr\/wp-json\/wp\/v2\/pages\/989701","targetHints":{"allow":["GET"]}}],"collection":[{"href":"https:\/\/pgetugs.com\/tr\/wp-json\/wp\/v2\/pages"}],"about":[{"href":"https:\/\/pgetugs.com\/tr\/wp-json\/wp\/v2\/types\/page"}],"author":[{"embeddable":true,"href":"https:\/\/pgetugs.com\/tr\/wp-json\/wp\/v2\/users\/1"}],"replies":[{"embeddable":true,"href":"https:\/\/pgetugs.com\/tr\/wp-json\/wp\/v2\/comments?post=989701"}],"version-history":[{"count":39,"href":"https:\/\/pgetugs.com\/tr\/wp-json\/wp\/v2\/pages\/989701\/revisions"}],"predecessor-version":[{"id":990837,"href":"https:\/\/pgetugs.com\/tr\/wp-json\/wp\/v2\/pages\/989701\/revisions\/990837"}],"wp:attachment":[{"href":"https:\/\/pgetugs.com\/tr\/wp-json\/wp\/v2\/media?parent=989701"}],"curies":[{"name":"wp","href":"https:\/\/api.w.org\/{rel}","templated":true}]}}